{"id":203,"date":"2013-06-07T11:25:01","date_gmt":"2013-06-07T11:25:01","guid":{"rendered":"http:\/\/demo.woothemes.com\/woocommerce\/?post_type=product&#038;p=70"},"modified":"2026-03-23T23:49:52","modified_gmt":"2026-03-23T22:49:52","slug":"harsfabol-keszult-elektromos-gabonamalom-arabela","status":"publish","type":"product","link":"https:\/\/www.vodnymlynkovacova.sk\/hu\/produkt\/elektricky-mlyncek-na-obilie-arabela-z-lipoveho-dreva\/","title":{"rendered":"Arabela elektromos gabona\u0151rl\u0151 \u2013 h\u00e1rsf\u00e1b\u00f3l<span class=\"codevz-product-category-after-title\">\u0150rl\u0151k \u00e9s otthoni \u0151rl\u00e9s<\/span>"},"content":{"rendered":"<div class=\"wpb-content-wrapper\"><div class=\"vc_row wpb_row vc_row-fluid\"><div class=\"wpb_column vc_column_container vc_col-sm-12\"><div class=\"vc_column-inner\"><div class=\"wpb_wrapper\">\n\t<div class=\"wpb_text_column wpb_content_element\" >\n\t\t<div class=\"wpb_wrapper\">\n\t\t\t<p>Az Arabela egy elektromos gabona\u0151rl\u0151 (liszt\u0151rl\u0151) otthoni teljes ki\u0151rl\u00e9s\u0171 liszt k\u00e9sz\u00edt\u00e9s\u00e9hez. Lehet\u0151v\u00e9 teszi, hogy friss lisztet k\u00e9sz\u00edtsen k\u00f6zvetlen\u00fcl a konyh\u00e1j\u00e1ban \u2013 keny\u00e9rhez, p\u00e9ks\u00fctem\u00e9nyekhez vagy mindennapi f\u0151z\u00e9shez. Az \u0151rl\u00e9s finoms\u00e1g\u00e1t fokozatosan \u00e1ll\u00edthatja, a finom lisztt\u0151l a durv\u00e1bb dar\u00e1l\u00e1sig.\nA massz\u00edv h\u00e1rsf\u00e1b\u00f3l k\u00e9sz\u00fclt test, a lekerek\u00edtett forma \u00e9s a prec\u00edz kidolgoz\u00e1s nemcsak praktikus seg\u00e9deszk\u00f6zz\u00e9 teszi az \u0151rl\u0151t, hanem st\u00edlusos konyhai kieg\u00e9sz\u00edt\u0151v\u00e9 is.<br \/>\nA t\u00f6m\u00f6r h\u00e1rsfa, a lekerek\u00edtett forma \u00e9s a prec\u00edz kidolgoz\u00e1s nemcsak praktikus seg\u00edt\u0151j\u00e9v\u00e9, hanem a konyha st\u00edlusos kieg\u00e9sz\u00edt\u0151j\u00e9v\u00e9 is teszi a dar\u00e1l\u00f3t.<\/p>\n<p>Mi\u00e9rt fogja megszeretni:<br \/>\n- A frissen \u0151r\u00f6lt teljes ki\u0151rl\u00e9s\u0171 liszt intenz\u00edvebb illat\u00fa \u00e9s \u00edz\u0171 \u2013 m\u00e1r r\u00f6vid id\u0151 ut\u00e1n \u00e9szre fogja venni a k\u00fcl\u00f6nbs\u00e9get a boltban kaphat\u00f3 liszthez k\u00e9pest.<br \/>\n- Tart\u00f3s korundker\u00e1mia \u0151rl\u0151rendszer (hossz\u00fa \u00e9lettartam)<br \/>\n- \u00c9lelmiszerrel \u00e9rintkez\u0151 r\u00e9szeken nincs m\u0171anyag<br \/>\n- Egyszer\u0171 tiszt\u00edt\u00e1s \u2013 elegend\u0151 sz\u00e1raz rizst \u0151r\u00f6lni<\/p>\n<p>Alkalmaz\u00e1s:<br \/>\n- Sz\u00e1raz gabonaf\u00e9l\u00e9k: b\u00faza \u00e9s fajt\u00e1i, rozs, rizs, \u00e1rpa stb.<br \/>\n- Glut\u00e9nmentes alternat\u00edv\u00e1k: hajdina, k\u00f6les, quinoa, kukorica, sz\u00e1raz h\u00fcvelyesek, sz\u00e1r\u00edtott gesztenye<\/p>\n<p>Mit ne \u0151r\u00f6lj\u00f6n:<br \/>\nNe \u0151r\u00f6lj\u00f6n nedves gabon\u00e1t, olajos magvakat, di\u00f3f\u00e9l\u00e9ket (pl. di\u00f3, mandula, mogyor\u00f3), szez\u00e1mmagot, napraforg\u00f3t, t\u00f6kmagot, kaka\u00f3babot \u2013 ezek elt\u00f6m\u00edthetik az \u0151rl\u0151t.<\/p>\n<p>Kinek aj\u00e1nlott:<br \/>\nMindenkinek, aki szeretn\u00e9:<br \/>\n- ellen\u0151rizni a liszt min\u0151s\u00e9g\u00e9t<br \/>\n- frissen \u0151r\u00f6lt gabon\u00e1b\u00f3l s\u00fctni<br \/>\n- elker\u00fclni a felesleges adal\u00e9kokat<br \/>\n- a konyh\u00e1ba vinni a frissen \u0151r\u00f6lt gabona illat\u00e1t<\/p>\n<p>M\u0171szaki adatok:<br \/>\n- S\u00faly: kb. 7,8 kg<br \/>\n- Magass\u00e1g: 31 cm<br \/>\n- Tart\u00e1ly t\u00e9rfogata: 0,5 l<br \/>\n- \u0150rl\u0151k\u00f6vek: korund ker\u00e1mia k\u00f6t\u00e9sben, \u00e1tm\u00e9r\u0151 90 mm<br \/>\n- Test: massz\u00edv h\u00e1rsfa, lenolajjal kezelve<br \/>\n- Teljes\u00edtm\u00e9ny: 6\u201310 kg\/\u00f3ra (100\u2013130 g\/perc) az \u0151rl\u00e9s finoms\u00e1g\u00e1t\u00f3l f\u00fcgg\u0151en<br \/>\n- Motor: 220 V \/ 380 W \/ 1300 ford.\/perc<\/p>\n<p>Garancia 10 \u00e9v.<\/p>\n\n\t\t<\/div>\n\t<\/div>\n<\/div><\/div><\/div><\/div>\n<\/div>","protected":false},"excerpt":{"rendered":"<p><span style=\"color: #654321;\">Arabela je elektrick\u00fd mlyn\u010dek na obilie (mlyn\u010dek na m\u00faku) &#8230; <\/p>","protected":false},"featured_media":1637,"template":"","meta":[],"product_brand":[],"product_cat":[100],"product_tag":[],"class_list":{"0":"post-203","1":"product","2":"type-product","3":"status-publish","4":"has-post-thumbnail","6":"product_cat-mlynceky-a-domace-mletie","8":"first","9":"instock","10":"shipping-taxable","11":"purchasable","12":"product-type-simple"},"_links":{"self":[{"href":"https:\/\/www.vodnymlynkovacova.sk\/hu\/wp-json\/wp\/v2\/product\/203","targetHints":{"allow":["GET"]}}],"collection":[{"href":"https:\/\/www.vodnymlynkovacova.sk\/hu\/wp-json\/wp\/v2\/product"}],"about":[{"href":"https:\/\/www.vodnymlynkovacova.sk\/hu\/wp-json\/wp\/v2\/types\/product"}],"wp:featuredmedia":[{"embeddable":true,"href":"https:\/\/www.vodnymlynkovacova.sk\/hu\/wp-json\/wp\/v2\/media\/1637"}],"wp:attachment":[{"href":"https:\/\/www.vodnymlynkovacova.sk\/hu\/wp-json\/wp\/v2\/media?parent=203"}],"wp:term":[{"taxonomy":"product_brand","embeddable":true,"href":"https:\/\/www.vodnymlynkovacova.sk\/hu\/wp-json\/wp\/v2\/product_brand?post=203"},{"taxonomy":"product_cat","embeddable":true,"href":"https:\/\/www.vodnymlynkovacova.sk\/hu\/wp-json\/wp\/v2\/product_cat?post=203"},{"taxonomy":"product_tag","embeddable":true,"href":"https:\/\/www.vodnymlynkovacova.sk\/hu\/wp-json\/wp\/v2\/product_tag?post=203"}],"curies":[{"name":"wp","href":"https:\/\/api.w.org\/{rel}","templated":true}]}}