{"id":201,"date":"2013-06-07T11:07:19","date_gmt":"2013-06-07T11:07:19","guid":{"rendered":"http:\/\/demo.woothemes.com\/woocommerce\/?post_type=product&#038;p=56"},"modified":"2026-03-23T23:45:16","modified_gmt":"2026-03-23T22:45:16","slug":"kombinalt-kezi-daralo-es-kombajn-gabonamalom-rumburak","status":"publish","type":"product","link":"https:\/\/www.vodnymlynkovacova.sk\/hu\/produkt\/kombinovany-rucny-mlyncek-na-obilie-a-vlockovac-rumburak\/","title":{"rendered":"Rumburak kombin\u00e1lt k\u00e9zi gabona\u0151rl\u0151 \u00e9s pehelyk\u00e9sz\u00edt\u0151<span class=\"codevz-product-category-after-title\">\u0150rl\u0151k \u00e9s otthoni \u0151rl\u00e9s<\/span>"},"content":{"rendered":"<div class=\"wpb-content-wrapper\"><div class=\"vc_row wpb_row vc_row-fluid\"><div class=\"wpb_column vc_column_container vc_col-sm-12\"><div class=\"vc_column-inner\"><div class=\"wpb_wrapper\">\n\t<div class=\"wpb_text_column wpb_content_element\" >\n\t\t<div class=\"wpb_wrapper\">\n\t\t\t<p>A Rumburak egy kombin\u00e1lt k\u00e9zi gabona\u0151rl\u0151 \u00e9s pehelyk\u00e9sz\u00edt\u0151 egyben. Lehet\u0151v\u00e9 teszi a gabona teljes ki\u0151rl\u00e9s\u0171 lisztt\u00e9 \u0151rl\u00e9s\u00e9t, illetve friss pehely k\u00e9sz\u00edt\u00e9s\u00e9t. Csak v\u00e1lassza ki a megfelel\u0151 r\u00e9szt a k\u00e9toszt\u00e1s\u00fa tart\u00e1lyb\u00f3l \u2013 az \u0151rl\u00e9shez vagy a pehelyk\u00e9sz\u00edt\u00e9shez.\nIde\u00e1lis megold\u00e1s azoknak a h\u00e1ztart\u00e1soknak, akik elektromoss\u00e1g n\u00e9lk\u00fcl szeretn\u00e9nek k\u00e9zi \u0151rl\u0151t \u00e9s pehelyk\u00e9sz\u00edt\u0151t haszn\u00e1lni.\nMassz\u00edv b\u00fckkfa \u00e9s er\u0151s mechanikai szerkezet hossz\u00fa \u00e9lettartamot \u00e9s megb\u00edzhat\u00f3 m\u0171k\u00f6d\u00e9st biztos\u00edt.<br \/>\nIde\u00e1lis megold\u00e1s azon h\u00e1ztart\u00e1sok sz\u00e1m\u00e1ra, amelyek k\u00e9zi liszt\u0151rl\u0151t \u00e9s p\u00f6rk\u00f6l\u0151g\u00e9pet is szeretn\u00e9nek, elektromos \u00e1ram n\u00e9lk\u00fcl.<br \/>\nA t\u00f6m\u00f6r b\u00fckkfa \u00e9s a massz\u00edv mechanikus szerkezet hossz\u00fa \u00e9lettartamot \u00e9s megb\u00edzhat\u00f3 m\u0171k\u00f6d\u00e9st garant\u00e1l.<\/p>\n<p>Mi\u00e9rt fogja megszeretni:<br \/>\n- 2 funkci\u00f3 egyben \u2013 liszt\u0151rl\u0151 \u00e9s pehelyk\u00e9sz\u00edt\u0151<br \/>\n- \u00c1ll\u00edthat\u00f3 \u0151rl\u00e9si finoms\u00e1g \u2013 finom lisztt\u0151l durv\u00e1bb dar\u00e1l\u00e1sig<br \/>\n- Tart\u00f3s szerkezet massz\u00edv b\u00fckkf\u00e1b\u00f3l<br \/>\n- Frissen \u0151r\u00f6lt liszt \u00e9s pehely jobb \u00edz\u0171 \u00e9s t\u00e1panyagd\u00fasabb<\/p>\n<p>Alkalmaz\u00e1s:<br \/>\n- Sz\u00e1raz gabonaf\u00e9l\u00e9k: b\u00faza \u00e9s fajt\u00e1i, rozs, rizs, \u00e1rpa stb.<br \/>\n- Glut\u00e9nmentes alternat\u00edv\u00e1k: hajdina, k\u00f6les, quinoa, kukorica, sz\u00e1raz h\u00fcvelyesek, sz\u00e1r\u00edtott gesztenye<\/p>\n<p>Mit ne \u0151r\u00f6lj\u00f6n:<br \/>\nNe \u0151r\u00f6lj\u00f6n nedves gabon\u00e1t, olajos magvakat, di\u00f3f\u00e9l\u00e9ket, m\u00e1kot, szez\u00e1mmagot, kaka\u00f3babot \u2013 ezek elt\u00f6m\u00edthetik az \u0151rl\u0151t.<br \/>\nAj\u00e1nlott csak annyit \u0151r\u00f6lni, amennyit azonnal felhaszn\u00e1lnak.<\/p>\n<p>Konstrukci\u00f3 \u00e9s karbantart\u00e1s:<br \/>\nAz \u0151rl\u00e9st kem\u00e9ny korundker\u00e1mia k\u00fapos \u0151rl\u0151k v\u00e9gzik.<br \/>\nA hosszabb \u00e9lettartam \u00e9rdek\u00e9ben \u00e9vente kb. k\u00e9tszer kenje meg a h\u00e1rom fogaskereket \u00e9lelmiszerbiztos zs\u00edrral.<br \/>\nA csomagol\u00e1s tartalmaz 2 r\u00f6gz\u00edt\u0151bilincset az \u0151rl\u0151 r\u00f6gz\u00edt\u00e9s\u00e9hez.<\/p>\n<p>M\u0171szaki adatok:<br \/>\n- S\u00faly: 6,5 kg<br \/>\n- Magass\u00e1g: 30 cm<br \/>\n- Tart\u00e1ly t\u00e9rfogata: 0,4 l \/ 0,17 l<br \/>\n- \u0150rl\u0151k\u00f6vek: k\u00fapos, korund ker\u00e1mia<br \/>\n- Pehelyhengerek: bord\u00e1zott rozsdamentes ac\u00e9l<br \/>\n- Teljes\u00edtm\u00e9ny: 1\u20131,6 kg\/\u00f3ra \u0151rl\u00e9sn\u00e9l, 2 kg\/\u00f3ra pehelyk\u00e9sz\u00edt\u00e9sn\u00e9l<br \/>\n- Test: massz\u00edv b\u00fckkfa, lenolajjal kezelve<\/p>\n\n\t\t<\/div>\n\t<\/div>\n<\/div><\/div><\/div><\/div>\n<\/div>","protected":false},"excerpt":{"rendered":"<p><span style=\"color: #654321;\">Rumburak je kombinovan\u00fd ru\u010dn\u00fd mlyn\u010dek na obilie a vlo\u010dkova\u010d &#8230; <\/p>","protected":false},"featured_media":1629,"template":"","meta":[],"product_brand":[],"product_cat":[100],"product_tag":[],"class_list":{"0":"post-201","1":"product","2":"type-product","3":"status-publish","4":"has-post-thumbnail","6":"product_cat-mlynceky-a-domace-mletie","8":"first","9":"instock","10":"shipping-taxable","11":"purchasable","12":"product-type-simple"},"_links":{"self":[{"href":"https:\/\/www.vodnymlynkovacova.sk\/hu\/wp-json\/wp\/v2\/product\/201","targetHints":{"allow":["GET"]}}],"collection":[{"href":"https:\/\/www.vodnymlynkovacova.sk\/hu\/wp-json\/wp\/v2\/product"}],"about":[{"href":"https:\/\/www.vodnymlynkovacova.sk\/hu\/wp-json\/wp\/v2\/types\/product"}],"wp:featuredmedia":[{"embeddable":true,"href":"https:\/\/www.vodnymlynkovacova.sk\/hu\/wp-json\/wp\/v2\/media\/1629"}],"wp:attachment":[{"href":"https:\/\/www.vodnymlynkovacova.sk\/hu\/wp-json\/wp\/v2\/media?parent=201"}],"wp:term":[{"taxonomy":"product_brand","embeddable":true,"href":"https:\/\/www.vodnymlynkovacova.sk\/hu\/wp-json\/wp\/v2\/product_brand?post=201"},{"taxonomy":"product_cat","embeddable":true,"href":"https:\/\/www.vodnymlynkovacova.sk\/hu\/wp-json\/wp\/v2\/product_cat?post=201"},{"taxonomy":"product_tag","embeddable":true,"href":"https:\/\/www.vodnymlynkovacova.sk\/hu\/wp-json\/wp\/v2\/product_tag?post=201"}],"curies":[{"name":"wp","href":"https:\/\/api.w.org\/{rel}","templated":true}]}}