{"id":1648,"date":"2026-03-19T14:53:47","date_gmt":"2026-03-19T13:53:47","guid":{"rendered":"https:\/\/www.vodnymlynkovacova.sk\/?post_type=product&#038;p=1648"},"modified":"2026-03-24T14:42:34","modified_gmt":"2026-03-24T13:42:34","slug":"kotelzsak-gabonafelek-es-liszt-szamara-fa-lefolyoval-10kg","status":"publish","type":"product","link":"https:\/\/www.vodnymlynkovacova.sk\/hu\/produkt\/lanove-vrece-na-obilie-a-muku-s-drevenou-vypustou-10kg\/","title":{"rendered":"Lenv\u00e1szon zs\u00e1k gabon\u00e1nak \u00e9s lisztnekl - 10kg<span class=\"codevz-product-category-after-title\">Konyhai kieg\u00e9sz\u00edt\u0151k<\/span>"},"content":{"rendered":"<div class=\"wpb-content-wrapper\"><div class=\"vc_row wpb_row vc_row-fluid\"><div class=\"wpb_column vc_column_container vc_col-sm-12\"><div class=\"vc_column-inner\"><div class=\"wpb_wrapper\">\n\t<div class=\"wpb_text_column wpb_content_element\" >\n\t\t<div class=\"wpb_wrapper\">\n\t\t\t<p>Term\u00e9szetes szell\u0151z\u00e9s, k\u00f6nny\u0171 adagol\u00e1s, a gabona sz\u00e1raz \u00e9s j\u00f3 min\u0151s\u00e9g\u0171 marad.<br \/>\nA gabona megfelel\u0151 t\u00e1rol\u00e1sa a min\u0151s\u00e9g \u00e9s a z\u00f6kken\u0151mentes \u0151rl\u00e9s szempontj\u00e1b\u00f3l egyar\u00e1nt kulcsfontoss\u00e1g\u00fa. A gabon\u00e1t sz\u00e1raz, h\u0171v\u00f6s \u00e9s j\u00f3l szell\u0151z\u0151 helyen kell t\u00e1rolni - min\u00e9l sz\u00e1razabb, ann\u00e1l k\u00f6nnyebben \u00e9s tiszt\u00e1bban \u0151r\u00f6lhet\u0151.<\/p>\n<p>Mi\u00e9rt v\u00e1lassza:<br \/>\n- 100% term\u00e9szetes len<br \/>\n- f\u00fcggesztett kialak\u00edt\u00e1s helytakar\u00e9kos<br \/>\n- fa csap seg\u00edti az adagol\u00e1st<br \/>\n- fa csap seg\u00edti az adagol\u00e1st<br \/>\n- megakad\u00e1lyozza a k\u00e1rtev\u0151k elszaporod\u00e1s\u00e1t<\/p>\n<p>A zs\u00e1k alj\u00e1n egy fa ki\u00f6nt\u0151 tal\u00e1lhat\u00f3, amellyel k\u00e9nyelmesen adagolhatja a gabon\u00e1t a t\u00e1lba. A kar elenged\u00e9sekor a kifoly\u00f3ny\u00edl\u00e1s azonnal bez\u00e1rul.<br \/>\nMinden egyes adagol\u00e1skor a zs\u00e1k tartalma term\u00e9szetesen \u201emozog\u201c, ami nem j\u00f3 a k\u00e1rtev\u0151k (pl. molyok) sz\u00e1m\u00e1ra. A zs\u00e1kot ez\u00e9rt rendszeresen kell haszn\u00e1lni.<\/p>\n<p>Karbantart\u00e1s:<br \/>\n- a zs\u00e1k moshat\u00f3 (fa lefoly\u00f3 n\u00e9lk\u00fcl)<br \/>\n- a kivezet\u00e9s k\u00f6nnyen kioldhat\u00f3 \u00e9s \u00fajracsatlakoztathat\u00f3<\/p>\n<p>Fontos \u00e9rtes\u00edt\u00e9s:<br \/>\nNem javasoljuk, hogy a gabon\u00e1t m\u0171anyag zacsk\u00f3kban vagy lez\u00e1rt \u00fcvegekben t\u00e1rolja. Nedvess\u00e9 v\u00e1lhat \u00e9s \u201emegfulladhat\u201c. A nedves gabon\u00e1t ilyenkor nehezebb \u0151r\u00f6lni, \u00e9s elt\u00f6m\u00edtheti az \u0151rl\u0151g\u00e9p \u0151rl\u0151rendszer\u00e9t.<br \/>\nHa a gabona nedves, akkor \u0151rl\u00e9s el\u0151tt meg kell sz\u00e1r\u00edtani - p\u00e9ld\u00e1ul a leveg\u0151n, radi\u00e1toron vagy k\u00edm\u00e9letesen a kemenc\u00e9ben.<\/p>\n<p>M\u00e9ret:<br \/>\n10 kg<\/p>\n\n\t\t<\/div>\n\t<\/div>\n<\/div><\/div><\/div><\/div>\n<\/div>","protected":false},"excerpt":{"rendered":"<p><span style=\"color: #654321; font-family: Verdana;\">\u013danov\u00e9 vrece na obilie s v\u00fdpus\u0165ou je &#8230; <\/p>","protected":false},"featured_media":1631,"template":"","meta":[],"product_brand":[],"product_cat":[101],"product_tag":[],"class_list":{"0":"post-1648","1":"product","2":"type-product","3":"status-publish","4":"has-post-thumbnail","6":"product_cat-doplnky-do-kuchyne","8":"first","9":"instock","10":"shipping-taxable","11":"purchasable","12":"product-type-simple"},"_links":{"self":[{"href":"https:\/\/www.vodnymlynkovacova.sk\/hu\/wp-json\/wp\/v2\/product\/1648","targetHints":{"allow":["GET"]}}],"collection":[{"href":"https:\/\/www.vodnymlynkovacova.sk\/hu\/wp-json\/wp\/v2\/product"}],"about":[{"href":"https:\/\/www.vodnymlynkovacova.sk\/hu\/wp-json\/wp\/v2\/types\/product"}],"wp:featuredmedia":[{"embeddable":true,"href":"https:\/\/www.vodnymlynkovacova.sk\/hu\/wp-json\/wp\/v2\/media\/1631"}],"wp:attachment":[{"href":"https:\/\/www.vodnymlynkovacova.sk\/hu\/wp-json\/wp\/v2\/media?parent=1648"}],"wp:term":[{"taxonomy":"product_brand","embeddable":true,"href":"https:\/\/www.vodnymlynkovacova.sk\/hu\/wp-json\/wp\/v2\/product_brand?post=1648"},{"taxonomy":"product_cat","embeddable":true,"href":"https:\/\/www.vodnymlynkovacova.sk\/hu\/wp-json\/wp\/v2\/product_cat?post=1648"},{"taxonomy":"product_tag","embeddable":true,"href":"https:\/\/www.vodnymlynkovacova.sk\/hu\/wp-json\/wp\/v2\/product_tag?post=1648"}],"curies":[{"name":"wp","href":"https:\/\/api.w.org\/{rel}","templated":true}]}}