{"id":1561,"date":"2026-03-15T23:37:07","date_gmt":"2026-03-15T22:37:07","guid":{"rendered":"https:\/\/www.vodnymlynkovacova.sk\/?post_type=product&#038;p=1561"},"modified":"2026-03-23T23:30:43","modified_gmt":"2026-03-23T22:30:43","slug":"masszazs-emulzio-cbd-vel-150-ml","status":"publish","type":"product","link":"https:\/\/www.vodnymlynkovacova.sk\/hu\/produkt\/masazna-emulzia-s-cbd-150-ml\/","title":{"rendered":"CBD massz\u00e1zs emulzi\u00f3 (150 ml)<span class=\"codevz-product-category-after-title\">CBD \u00e9s kozmetikumok<\/span>"},"content":{"rendered":"<div class=\"wpb-content-wrapper\"><div class=\"vc_row wpb_row vc_row-fluid\"><div class=\"wpb_column vc_column_container vc_col-sm-12\"><div class=\"vc_column-inner\"><div class=\"wpb_wrapper\">\n\t<div class=\"wpb_text_column wpb_content_element\" >\n\t\t<div class=\"wpb_wrapper\">\n\t\t\t<p>Massz\u00e1zshoz \u00e9s b\u0151rnyugtat\u00e1shoz. Nagyobb fel\u00fcletekhez (h\u00e1t, l\u00e1bak, karok) vagy mindennapi b\u0151r\u00e1pol\u00e1s\u00e1hoz. 100% term\u00e9szetes, adal\u00e9kanyagok n\u00e9lk\u00fcli.<\/p>\n<p>El\u0151ny\u00f6k:<br \/>\n- eg\u00e9sz testre \u00e9s lok\u00e1lisan is<br \/>\n- kellemes \u00e1llag, k\u00f6nnyen kenhet\u0151<br \/>\n- hidrat\u00e1lja a b\u0151rt<br \/>\n- ide\u00e1lis otthoni \u00e9s akt\u00edv emberek sz\u00e1m\u00e1ra<\/p>\n<p>Haszn\u00e1lat:<br \/>\nVigyen fel megfelel\u0151 mennyis\u00e9get a b\u0151rre, \u00e9s k\u00f6rk\u00f6r\u00f6s mozdulatokkal massz\u00edrozza be. Sz\u00fcks\u00e9g szerint ism\u00e9telje meg.<\/p>\n<p>T\u00e1rol\u00e1s:<br \/>\nT\u00e1rol\u00e1s: 4\u201325 \u00b0C, napf\u00e9nyt\u0151l v\u00e9dve<\/p>\n\n\t\t<\/div>\n\t<\/div>\n<\/div><\/div><\/div><\/div>\n<\/div>","protected":false},"excerpt":{"rendered":"<p><span style=\"font-family: Verdana; color: #654321;\">Emulzia ur\u010den\u00e1 na mas\u00e1\u017e a uvo\u013enenie poko\u017eky. &#8230; <\/p>","protected":false},"featured_media":1374,"template":"","meta":[],"product_brand":[],"product_cat":[103],"product_tag":[],"class_list":{"0":"post-1561","1":"product","2":"type-product","3":"status-publish","4":"has-post-thumbnail","6":"product_cat-cbd-a-kozmetika","8":"first","9":"instock","10":"shipping-taxable","11":"purchasable","12":"product-type-simple"},"_links":{"self":[{"href":"https:\/\/www.vodnymlynkovacova.sk\/hu\/wp-json\/wp\/v2\/product\/1561","targetHints":{"allow":["GET"]}}],"collection":[{"href":"https:\/\/www.vodnymlynkovacova.sk\/hu\/wp-json\/wp\/v2\/product"}],"about":[{"href":"https:\/\/www.vodnymlynkovacova.sk\/hu\/wp-json\/wp\/v2\/types\/product"}],"wp:featuredmedia":[{"embeddable":true,"href":"https:\/\/www.vodnymlynkovacova.sk\/hu\/wp-json\/wp\/v2\/media\/1374"}],"wp:attachment":[{"href":"https:\/\/www.vodnymlynkovacova.sk\/hu\/wp-json\/wp\/v2\/media?parent=1561"}],"wp:term":[{"taxonomy":"product_brand","embeddable":true,"href":"https:\/\/www.vodnymlynkovacova.sk\/hu\/wp-json\/wp\/v2\/product_brand?post=1561"},{"taxonomy":"product_cat","embeddable":true,"href":"https:\/\/www.vodnymlynkovacova.sk\/hu\/wp-json\/wp\/v2\/product_cat?post=1561"},{"taxonomy":"product_tag","embeddable":true,"href":"https:\/\/www.vodnymlynkovacova.sk\/hu\/wp-json\/wp\/v2\/product_tag?post=1561"}],"curies":[{"name":"wp","href":"https:\/\/api.w.org\/{rel}","templated":true}]}}