{"id":1558,"date":"2026-03-15T23:35:32","date_gmt":"2026-03-15T22:35:32","guid":{"rendered":"https:\/\/www.vodnymlynkovacova.sk\/?post_type=product&#038;p=1558"},"modified":"2026-04-08T18:31:51","modified_gmt":"2026-04-08T16:31:51","slug":"anti-age-borszerum-cbd-vel-15-ml","status":"publish","type":"product","link":"https:\/\/www.vodnymlynkovacova.sk\/hu\/produkt\/anti-age-pletove-serum-s-cbd-15-ml\/","title":{"rendered":"Anti-Age CBD arcsz\u00e9rum (15 ml)<span class=\"codevz-product-category-after-title\">CBD \u00e9s kozmetikumok<\/span>"},"content":{"rendered":"<div class=\"wpb-content-wrapper\"><div class=\"vc_row wpb_row vc_row-fluid\"><div class=\"wpb_column vc_column_container vc_col-sm-12\"><div class=\"vc_column-inner\"><div class=\"wpb_wrapper\">\n\t<div class=\"wpb_text_column wpb_content_element\" >\n\t\t<div class=\"wpb_wrapper\">\n\t\t\t<p>K\u00f6nny\u0171 sz\u00e9rum minden b\u0151rt\u00edpusra, k\u00fcl\u00f6n\u00f6sen \u00e9rett, f\u00e1radt b\u0151rre. Gyorsan felsz\u00edv\u00f3dik, nem hagy zs\u00edros r\u00e9teget.<\/p>\n<p>A CBD (kannabidiol) a kozmetikumokban n\u00e9pszer\u0171 \u00f6sszetev\u0151, mivel nyugtat\u00f3 \u00e9s kiegyens\u00falyoz\u00f3 tulajdons\u00e1gokkal rendelkezik. A sz\u00e9rum a kenderolajjal kombin\u00e1lva, amely term\u00e9szetes m\u00f3don tartalmaz E-vitamint \u00e9s zs\u00edrsavakat, seg\u00edt hidrat\u00e1lt, puha \u00e9s rugalmas b\u0151rt tartani. Az antioxid\u00e1nsok emellett seg\u00edtenek megv\u00e9deni a b\u0151rt a k\u00fcls\u0151 \u00f6reged\u00e9st\u0151l \u00e9s a korai \u00f6reged\u00e9st\u0151l.<\/p>\n<p>El\u0151ny\u00f6k:<br \/>\n- k\u00f6nny\u0171 text\u00fara - kr\u00e9mhez \u00e9s sminkhez egyar\u00e1nt alkalmas<br \/>\n- el\u0151seg\u00edti a b\u0151r k\u00e9nyelm\u00e9t \u00e9s eg\u00e9szs\u00e9ges megjelen\u00e9s\u00e9t<br \/>\n- ide\u00e1lis a reggeli\/esti rutinhoz<br \/>\n- nyugtat\u00e1sra \u00e9s hidrat\u00e1l\u00e1sra szorul\u00f3 b\u0151rre is alkalmas<\/p>\n<p>Haszn\u00e1lat:<br \/>\n2\u20133 cseppet vigyen fel tiszta, enyh\u00e9n nedves b\u0151rre, arc, nyak, dekolt\u00e1zs, reggel \u00e9s este<\/p>\n<p>Tipp:<br \/>\nA jobb hidrat\u00e1lts\u00e1g\u00e9rzet \u00e9rdek\u00e9ben a sz\u00e9rumot enyh\u00e9n nedves b\u0151rre vagy toniz\u00e1l\u00f3 ut\u00e1n vigye fel.<\/p>\n<p>T\u00e1rol\u00e1s:<br \/>\nF\u00e9nyt\u0151l t\u00e1vol, szobah\u0151m\u00e9rs\u00e9kleten.<\/p>\n\n\t\t<\/div>\n\t<\/div>\n<\/div><\/div><\/div><\/div>\n<\/div>","protected":false},"excerpt":{"rendered":"<p><span style=\"color: #654321;\">\u013dahk\u00e9 s\u00e9rum na ka\u017edodenn\u00fa starostlivos\u0165 o ple\u0165. Hod\u00ed sa &#8230; <\/p>","protected":false},"featured_media":1378,"template":"","meta":[],"product_brand":[],"product_cat":[103],"product_tag":[],"class_list":{"0":"post-1558","1":"product","2":"type-product","3":"status-publish","4":"has-post-thumbnail","6":"product_cat-cbd-a-kozmetika","8":"first","9":"instock","10":"shipping-taxable","11":"purchasable","12":"product-type-simple"},"_links":{"self":[{"href":"https:\/\/www.vodnymlynkovacova.sk\/hu\/wp-json\/wp\/v2\/product\/1558","targetHints":{"allow":["GET"]}}],"collection":[{"href":"https:\/\/www.vodnymlynkovacova.sk\/hu\/wp-json\/wp\/v2\/product"}],"about":[{"href":"https:\/\/www.vodnymlynkovacova.sk\/hu\/wp-json\/wp\/v2\/types\/product"}],"wp:featuredmedia":[{"embeddable":true,"href":"https:\/\/www.vodnymlynkovacova.sk\/hu\/wp-json\/wp\/v2\/media\/1378"}],"wp:attachment":[{"href":"https:\/\/www.vodnymlynkovacova.sk\/hu\/wp-json\/wp\/v2\/media?parent=1558"}],"wp:term":[{"taxonomy":"product_brand","embeddable":true,"href":"https:\/\/www.vodnymlynkovacova.sk\/hu\/wp-json\/wp\/v2\/product_brand?post=1558"},{"taxonomy":"product_cat","embeddable":true,"href":"https:\/\/www.vodnymlynkovacova.sk\/hu\/wp-json\/wp\/v2\/product_cat?post=1558"},{"taxonomy":"product_tag","embeddable":true,"href":"https:\/\/www.vodnymlynkovacova.sk\/hu\/wp-json\/wp\/v2\/product_tag?post=1558"}],"curies":[{"name":"wp","href":"https:\/\/api.w.org\/{rel}","templated":true}]}}