{"id":1557,"date":"2026-03-15T23:34:10","date_gmt":"2026-03-15T22:34:10","guid":{"rendered":"https:\/\/www.vodnymlynkovacova.sk\/?post_type=product&#038;p=1557"},"modified":"2026-03-23T23:35:48","modified_gmt":"2026-03-23T22:35:48","slug":"cbd-kender-kenocs-50-ml","status":"publish","type":"product","link":"https:\/\/www.vodnymlynkovacova.sk\/hu\/produkt\/cbd-konopna-mast-50-ml\/","title":{"rendered":"CBD-tartalm\u00fa kenderviasz (50 ml)<span class=\"codevz-product-category-after-title\">CBD \u00e9s kozmetikumok<\/span>"},"content":{"rendered":"<div class=\"wpb-content-wrapper\"><div class=\"vc_row wpb_row vc_row-fluid\"><div class=\"wpb_column vc_column_container vc_col-sm-12\"><div class=\"vc_column-inner\"><div class=\"wpb_wrapper\">\n\t<div class=\"wpb_text_column wpb_content_element\" >\n\t\t<div class=\"wpb_wrapper\">\n\t\t\t<p>CBD-t tartalmaz\u00f3 kenderviasz, kieg\u00e9sz\u00edtve 5 Bach vir\u00e1g esszenci\u00e1val, seg\u00edt stressz, szorong\u00e1s, sokk, \u00e1jul\u00e1s, vizsgadrukk vagy \u00e9g\u00e9si s\u00e9r\u00fcl\u00e9s eset\u00e9n.<br \/>\nA kendern\u00f6v\u00e9ny gondosan kiv\u00e1lasztott r\u00e9szeib\u0151l sz\u00e1rmaz\u00f3 kenderkivonatot tartalmaz, amely koncentr\u00e1lt \u00e9s akt\u00edv kannabinoidok komplex\u00e9ben gazdag, bele\u00e9rtve a CBD-t. A kenderkivonat hat\u00f3anyagai nagyon j\u00f3l felsz\u00edv\u00f3dnak a b\u0151r\u00f6n kereszt\u00fcl.<br \/>\nAz ekc\u00e9m\u00e1ra, pikkelys\u00f6m\u00f6rre \u00e9s pattan\u00e1sokra hajlamos, probl\u00e9m\u00e1s b\u0151r kezel\u00e9s\u00e9re \u00e9s regener\u00e1l\u00e1s\u00e1ra, de nap\u00e9g\u00e9s ut\u00e1n is.<\/p>\n<p>El\u0151ny\u00f6k:<br \/>\n- term\u00e9szetes levendula \u00e9s rozmaring illat.<br \/>\n- gyullad\u00e1scs\u00f6kkent\u0151 hat\u00e1s<br \/>\n- s\u00e9r\u00fclt b\u0151r \u00e1pol\u00e1sa, pl. ekc\u00e9ma, pikkelys\u00f6m\u00f6r, pattan\u00e1sok<br \/>\n- iz\u00fcletek, sz\u00e1raz b\u0151r, kisebb \u00e9g\u00e9si s\u00e9r\u00fcl\u00e9sek, duzzanatok, v\u00e9ral\u00e1fut\u00e1sok<\/p>\n<p>Haszn\u00e1lat:<br \/>\nKis mennyis\u00e9get vigyen fel a tiszta b\u0151rre, finoman massz\u00edrozza be, sz\u00fcks\u00e9g szerint ism\u00e9telje naponta t\u00f6bbsz\u00f6r<\/p>\n<p>Kinek val\u00f3:<br \/>\nMindenkinek, aki term\u00e9szetes \u00e1pol\u00e1st szeretne, \u00e9s az egyszer\u0171 formul\u00e1t r\u00e9szes\u00edti el\u0151nyben. Ide\u00e1lis otthonra \u00e9s utaz\u00e1shoz.<\/p>\n<p>T\u00e1rol\u00e1s:<br \/>\nsz\u00e1raz, napf\u00e9nyt\u0151l v\u00e9dett helyen, szobah\u0151m\u00e9rs\u00e9kleten<\/p>\n\n\t\t<\/div>\n\t<\/div>\n<\/div><\/div><\/div><\/div>\n<\/div>","protected":false},"excerpt":{"rendered":"<p><span style=\"color: #654321;\">Konopn\u00e1 mas\u0165 s prirodzen\u00fdm obsahom CBD doplnen\u00e1 o \u0161peci\u00e1lnu &#8230; <\/p>","protected":false},"featured_media":1373,"template":"","meta":[],"product_brand":[],"product_cat":[103],"product_tag":[],"class_list":{"0":"post-1557","1":"product","2":"type-product","3":"status-publish","4":"has-post-thumbnail","6":"product_cat-cbd-a-kozmetika","8":"first","9":"instock","10":"shipping-taxable","11":"purchasable","12":"product-type-simple"},"_links":{"self":[{"href":"https:\/\/www.vodnymlynkovacova.sk\/hu\/wp-json\/wp\/v2\/product\/1557","targetHints":{"allow":["GET"]}}],"collection":[{"href":"https:\/\/www.vodnymlynkovacova.sk\/hu\/wp-json\/wp\/v2\/product"}],"about":[{"href":"https:\/\/www.vodnymlynkovacova.sk\/hu\/wp-json\/wp\/v2\/types\/product"}],"wp:featuredmedia":[{"embeddable":true,"href":"https:\/\/www.vodnymlynkovacova.sk\/hu\/wp-json\/wp\/v2\/media\/1373"}],"wp:attachment":[{"href":"https:\/\/www.vodnymlynkovacova.sk\/hu\/wp-json\/wp\/v2\/media?parent=1557"}],"wp:term":[{"taxonomy":"product_brand","embeddable":true,"href":"https:\/\/www.vodnymlynkovacova.sk\/hu\/wp-json\/wp\/v2\/product_brand?post=1557"},{"taxonomy":"product_cat","embeddable":true,"href":"https:\/\/www.vodnymlynkovacova.sk\/hu\/wp-json\/wp\/v2\/product_cat?post=1557"},{"taxonomy":"product_tag","embeddable":true,"href":"https:\/\/www.vodnymlynkovacova.sk\/hu\/wp-json\/wp\/v2\/product_tag?post=1557"}],"curies":[{"name":"wp","href":"https:\/\/api.w.org\/{rel}","templated":true}]}}