{"id":1556,"date":"2026-03-15T23:32:31","date_gmt":"2026-03-15T22:32:31","guid":{"rendered":"https:\/\/www.vodnymlynkovacova.sk\/?post_type=product&#038;p=1556"},"modified":"2026-03-25T11:24:29","modified_gmt":"2026-03-25T10:24:29","slug":"cbd-olaj-10-teljes-spektrum-10-ml","status":"publish","type":"product","link":"https:\/\/www.vodnymlynkovacova.sk\/hu\/produkt\/cbd-olej-10-full-spectrum-10-ml\/","title":{"rendered":"CBD olaj 10% Full Spectrum (10 ml)<span class=\"codevz-product-category-after-title\">CBD \u00e9s kozmetikumok<\/span>"},"content":{"rendered":"<div class=\"wpb-content-wrapper\"><div class=\"vc_row wpb_row vc_row-fluid\"><div class=\"wpb_column vc_column_container vc_col-sm-12\"><div class=\"vc_column-inner\"><div class=\"wpb_wrapper\">\n\t<div class=\"wpb_text_column wpb_content_element\" >\n\t\t<div class=\"wpb_wrapper\">\n\t\t\t<p>Szlov\u00e1kiai kenderb\u0151l k\u00e9sz\u00fclt Full Spectrum CBD olaj. Tartalmazza az \u00f6sszes kanabinoidot (bele\u00e9rtve CBDa \u00e9s CBGa vegy\u00fcleteket), valamint m\u00e1s j\u00f3t\u00e9kony \u00f6sszetev\u0151ket, k\u00f6zt\u00fck terp\u00e9neket, flavonoidokat, vitaminokat \u00e9s \u00e1sv\u00e1nyi anyagokat.<\/p>\n<p>A CBD-olajok kenderb\u0151l k\u00e9sz\u00fclnek, \u00e9s kannabidiolt (CBD) tartalmaznak. A CBD nem pszichoakt\u00edv. Ezek az olajok kendern\u00f6v\u00e9nyb\u0151l k\u00e9sz\u00fclnek, \u00e9s kannabidiolt tartalmaznak, amely egy olyan \u00f6sszetev\u0151, amely \u00f6sszesen t\u00f6bb mint 113 anyagot, \u00fagynevezett kannabinoidokat, valamint m\u00e1s hasznos anyagokat, p\u00e9ld\u00e1ul flavonoidokat, terp\u00e9neket stb. tartalmaz. Ezek az anyagok j\u00f3t\u00e9kony hat\u00e1ssal vannak a szervezet\u00fcnkre. A CBD olajok 100 % term\u00e9szetes kender n\u00f6v\u00e9nyb\u0151l k\u00e9sz\u00fclnek, n\u00f6v\u00e9nyv\u00e9d\u0151 szerek \u00e9s vegyszerek haszn\u00e1lata n\u00e9lk\u00fcl.<\/p>\n<p>T\u00e9rfogat: 10 ml \/ kb. 250 csepp, 1000 mg CBD<\/p>\n<p>\u00d6sszet\u00e9tel: konzerv\u00e1l\u00f3szer, sz\u00ednez\u00e9k, parab\u00e9n, \u00e9des\u00edt\u0151 \u00e9s mesters\u00e9ges adal\u00e9kok n\u00e9lk\u00fcl<\/p>\n<p>Alapolaj: MCT olaj, k\u00f6zepes l\u00e1nchossz\u00fas\u00e1g\u00fa zs\u00edrsavakkal<\/p>\n<p>T\u00e1rol\u00e1s: szobah\u0151m\u00e9rs\u00e9kleten, f\u00e9nyt\u0151l v\u00e9dve<br \/>\nA CBD nem pszichoakt\u00edv, nem okoz f\u00fcgg\u0151s\u00e9get<\/p>\n\n\t\t<\/div>\n\t<\/div>\n<\/div><\/div><\/div><\/div>\n<\/div>","protected":false},"excerpt":{"rendered":"<p><span style=\"color: #654321;\">Full Spectrum CBD olej vyroben\u00fd zo slovensk\u00e9ho konope. Obsahuj\u00fa &#8230; <\/p>","protected":false},"featured_media":1380,"template":"","meta":[],"product_brand":[],"product_cat":[103],"product_tag":[],"class_list":{"0":"post-1556","1":"product","2":"type-product","3":"status-publish","4":"has-post-thumbnail","6":"product_cat-cbd-a-kozmetika","8":"first","9":"instock","10":"shipping-taxable","11":"purchasable","12":"product-type-simple"},"_links":{"self":[{"href":"https:\/\/www.vodnymlynkovacova.sk\/hu\/wp-json\/wp\/v2\/product\/1556","targetHints":{"allow":["GET"]}}],"collection":[{"href":"https:\/\/www.vodnymlynkovacova.sk\/hu\/wp-json\/wp\/v2\/product"}],"about":[{"href":"https:\/\/www.vodnymlynkovacova.sk\/hu\/wp-json\/wp\/v2\/types\/product"}],"wp:featuredmedia":[{"embeddable":true,"href":"https:\/\/www.vodnymlynkovacova.sk\/hu\/wp-json\/wp\/v2\/media\/1380"}],"wp:attachment":[{"href":"https:\/\/www.vodnymlynkovacova.sk\/hu\/wp-json\/wp\/v2\/media?parent=1556"}],"wp:term":[{"taxonomy":"product_brand","embeddable":true,"href":"https:\/\/www.vodnymlynkovacova.sk\/hu\/wp-json\/wp\/v2\/product_brand?post=1556"},{"taxonomy":"product_cat","embeddable":true,"href":"https:\/\/www.vodnymlynkovacova.sk\/hu\/wp-json\/wp\/v2\/product_cat?post=1556"},{"taxonomy":"product_tag","embeddable":true,"href":"https:\/\/www.vodnymlynkovacova.sk\/hu\/wp-json\/wp\/v2\/product_tag?post=1556"}],"curies":[{"name":"wp","href":"https:\/\/api.w.org\/{rel}","templated":true}]}}