{"id":1555,"date":"2026-03-15T23:31:50","date_gmt":"2026-03-15T22:31:50","guid":{"rendered":"https:\/\/www.vodnymlynkovacova.sk\/?post_type=product&#038;p=1555"},"modified":"2026-03-23T23:38:18","modified_gmt":"2026-03-23T22:38:18","slug":"kender-tea-30-g","status":"publish","type":"product","link":"https:\/\/www.vodnymlynkovacova.sk\/hu\/produkt\/konopny-caj-30-g\/","title":{"rendered":"Kendertea (30 g)<span class=\"codevz-product-category-after-title\">Kendermag \u00e9lelmiszerek<\/span>"},"content":{"rendered":"<div class=\"wpb-content-wrapper\"><div class=\"vc_row wpb_row vc_row-fluid\"><div class=\"wpb_column vc_column_container vc_col-sm-12\"><div class=\"vc_column-inner\"><div class=\"wpb_wrapper\">\n\t<div class=\"wpb_text_column wpb_content_element\" >\n\t\t<div class=\"wpb_wrapper\">\n\t\t\t<p>Min\u0151s\u00edtett kenderfajt\u00e1kb\u00f3l k\u00e9sz\u00fclt kendertea, magas term\u00e9szetes anyag-, terp\u00e9n- \u00e9s fenoltartalommal.<br \/>\nA kendertea gazdag antioxid\u00e1nsforr\u00e1s, \u00e9s kellemes gy\u00f3gyn\u00f6v\u00e9nyes \u00edze van. Kiv\u00e1l\u00f3 min\u0151s\u00e9g\u0171 bio kenderb\u0151l dolgozz\u00e1k fel, ami biztos\u00edtja a kiv\u00e1l\u00f3 min\u0151s\u00e9g\u0171 te\u00e1t.<\/p>\n<p>El\u0151k\u00e9sz\u00edt\u00e9s:<br \/>\n- 1 ev\u0151kan\u00e1l gy\u00f3gyn\u00f6v\u00e9ny kever\u00e9ket \u00f6nts\u00f6n le 300 ml forr\u00f3, de nem forr\u00e1sban l\u00e9v\u0151 v\u00edzzel<br \/>\n- \u00c1ztassa 5\u20137 percig<br \/>\n- A kezdeti \u00e1ztat\u00e1skor javasolt egy csepp olaj vagy vaj hozz\u00e1ad\u00e1sa a maxim\u00e1lis hat\u00e1s \u00e9rdek\u00e9ben<\/p>\n<p>\u00d6sszet\u00e9tel: kenderlevelek \u00e9s magok (tan\u00fas\u00edtott fajta). A magok a n\u00f6v\u00e9ny term\u00e9szetes r\u00e9szei.\nEgy cs\u00e9sze meleg vagy hideg kendertea a nap t\u00f6k\u00e9letes kieg\u00e9sz\u00edt\u0151je lehet.<\/p>\n\n\t\t<\/div>\n\t<\/div>\n<\/div><\/div><\/div><\/div>\n<\/div>","protected":false},"excerpt":{"rendered":"<p align=\"justify\"><span style=\"color: #654321;\">Konopn\u00fd \u010daj z certifikovan\u00fdch odr\u00f4d konopy siatej s &#8230; <\/p>","protected":false},"featured_media":1377,"template":"","meta":[],"product_brand":[],"product_cat":[102],"product_tag":[],"class_list":{"0":"post-1555","1":"product","2":"type-product","3":"status-publish","4":"has-post-thumbnail","6":"product_cat-konopne-potraviny","8":"first","9":"instock","10":"shipping-taxable","11":"purchasable","12":"product-type-simple"},"_links":{"self":[{"href":"https:\/\/www.vodnymlynkovacova.sk\/hu\/wp-json\/wp\/v2\/product\/1555","targetHints":{"allow":["GET"]}}],"collection":[{"href":"https:\/\/www.vodnymlynkovacova.sk\/hu\/wp-json\/wp\/v2\/product"}],"about":[{"href":"https:\/\/www.vodnymlynkovacova.sk\/hu\/wp-json\/wp\/v2\/types\/product"}],"wp:featuredmedia":[{"embeddable":true,"href":"https:\/\/www.vodnymlynkovacova.sk\/hu\/wp-json\/wp\/v2\/media\/1377"}],"wp:attachment":[{"href":"https:\/\/www.vodnymlynkovacova.sk\/hu\/wp-json\/wp\/v2\/media?parent=1555"}],"wp:term":[{"taxonomy":"product_brand","embeddable":true,"href":"https:\/\/www.vodnymlynkovacova.sk\/hu\/wp-json\/wp\/v2\/product_brand?post=1555"},{"taxonomy":"product_cat","embeddable":true,"href":"https:\/\/www.vodnymlynkovacova.sk\/hu\/wp-json\/wp\/v2\/product_cat?post=1555"},{"taxonomy":"product_tag","embeddable":true,"href":"https:\/\/www.vodnymlynkovacova.sk\/hu\/wp-json\/wp\/v2\/product_tag?post=1555"}],"curies":[{"name":"wp","href":"https:\/\/api.w.org\/{rel}","templated":true}]}}