{"id":1554,"date":"2026-03-15T23:30:59","date_gmt":"2026-03-15T22:30:59","guid":{"rendered":"https:\/\/www.vodnymlynkovacova.sk\/?post_type=product&#038;p=1554"},"modified":"2026-03-23T23:39:47","modified_gmt":"2026-03-23T22:39:47","slug":"kenderfeherje-200-g","status":"publish","type":"product","link":"https:\/\/www.vodnymlynkovacova.sk\/hu\/produkt\/konopny-protein-200-g\/","title":{"rendered":"Kendermagfeh\u00e9rje (200 g)<span class=\"codevz-product-category-after-title\">Kendermag \u00e9lelmiszerek<\/span>"},"content":{"rendered":"<div class=\"wpb-content-wrapper\"><div class=\"vc_row wpb_row vc_row-fluid\"><div class=\"wpb_column vc_column_container vc_col-sm-12\"><div class=\"vc_column-inner\"><div class=\"wpb_wrapper\">\n\t<div class=\"wpb_text_column wpb_content_element\" >\n\t\t<div class=\"wpb_wrapper\">\n\t\t\t<p>A kendermagfeh\u00e9rje n\u00f6v\u00e9nyi feh\u00e9rjeforr\u00e1s, alkalmas smoothie-khoz, zabk\u00e1s\u00e1khoz \u00e9s s\u00fct\u00e9shez. Term\u00e9szetes \u00edze miatt k\u00f6nnyen kombin\u00e1lhat\u00f3 gy\u00fcm\u00f6lccsel, joghurttal vagy s\u00f3s \u00e9telekben.<br \/>\nA kendermagfeh\u00e9rje n\u00f6v\u00e9nyi feh\u00e9rjeforr\u00e1s, alkalmas smoothie-khoz, zabk\u00e1s\u00e1khoz \u00e9s s\u00fct\u00e9shez. Term\u00e9szetes \u00edze miatt k\u00f6nnyen kombin\u00e1lhat\u00f3 gy\u00fcm\u00f6lccsel, joghurttal vagy s\u00f3s \u00e9telekben.\nA kendermagfeh\u00e9rje minden akt\u00edv \u00e9letm\u00f3dot folytat\u00f3 egy\u00e9n sz\u00e1m\u00e1ra aj\u00e1nlott, di\u00e9t\u00e1khoz, m\u00e9regtelen\u00edt\u00e9shez, m\u0171t\u00e9t vagy s\u00e9r\u00fcl\u00e9s ut\u00e1ni regener\u00e1ci\u00f3hoz is. Feh\u00e9rjetartalma kb. k\u00e9tszerese a marhah\u00fassteak\u00e9nek. Aj\u00e1nlott fizikai aktivit\u00e1s ut\u00e1n a feh\u00e9rjebevitel \u00e9s a regener\u00e1ci\u00f3 gyors\u00edt\u00e1sa \u00e9rdek\u00e9ben.<\/p>\n<p>Haszn\u00e1lat:<br \/>\n- kokt\u00e9lok, zabk\u00e1sa, m\u00fczli<br \/>\n- palacsinta, leves, kr\u00e9mek, s\u00fct\u00e9s<\/p>\n<p>Aj\u00e1nlott napi adag: 30\u201340 g 250\u2013350 ml v\u00edzben vagy tejben (ig\u00e9ny szerint)<\/p>\n<p>\u00d6sszet\u00e9tel: 100% kendermagfeh\u00e9rje<\/p>\n<p>T\u00e1rol\u00e1s: sz\u00e1raz helyen, 4\u201325 \u00b0C, k\u00f6zvetlen napf\u00e9nyt\u0151l v\u00e9dve<\/p>\n\n\t\t<\/div>\n\t<\/div>\n<\/div><\/div><\/div><\/div>\n<\/div>","protected":false},"excerpt":{"rendered":"<p><span style=\"color: #654321;\">Konopn\u00fd prote\u00edn je rastlinn\u00fd zdroj bielkov\u00edn vhodn\u00fd do smoothies, &#8230; <\/p>","protected":false},"featured_media":1371,"template":"","meta":[],"product_brand":[],"product_cat":[102],"product_tag":[],"class_list":{"0":"post-1554","1":"product","2":"type-product","3":"status-publish","4":"has-post-thumbnail","6":"product_cat-konopne-potraviny","8":"first","9":"instock","10":"shipping-taxable","11":"purchasable","12":"product-type-simple"},"_links":{"self":[{"href":"https:\/\/www.vodnymlynkovacova.sk\/hu\/wp-json\/wp\/v2\/product\/1554","targetHints":{"allow":["GET"]}}],"collection":[{"href":"https:\/\/www.vodnymlynkovacova.sk\/hu\/wp-json\/wp\/v2\/product"}],"about":[{"href":"https:\/\/www.vodnymlynkovacova.sk\/hu\/wp-json\/wp\/v2\/types\/product"}],"wp:featuredmedia":[{"embeddable":true,"href":"https:\/\/www.vodnymlynkovacova.sk\/hu\/wp-json\/wp\/v2\/media\/1371"}],"wp:attachment":[{"href":"https:\/\/www.vodnymlynkovacova.sk\/hu\/wp-json\/wp\/v2\/media?parent=1554"}],"wp:term":[{"taxonomy":"product_brand","embeddable":true,"href":"https:\/\/www.vodnymlynkovacova.sk\/hu\/wp-json\/wp\/v2\/product_brand?post=1554"},{"taxonomy":"product_cat","embeddable":true,"href":"https:\/\/www.vodnymlynkovacova.sk\/hu\/wp-json\/wp\/v2\/product_cat?post=1554"},{"taxonomy":"product_tag","embeddable":true,"href":"https:\/\/www.vodnymlynkovacova.sk\/hu\/wp-json\/wp\/v2\/product_tag?post=1554"}],"curies":[{"name":"wp","href":"https:\/\/api.w.org\/{rel}","templated":true}]}}