{"id":1553,"date":"2026-03-15T23:30:06","date_gmt":"2026-03-15T22:30:06","guid":{"rendered":"https:\/\/www.vodnymlynkovacova.sk\/?post_type=product&#038;p=1553"},"modified":"2026-03-23T23:40:34","modified_gmt":"2026-03-23T22:40:34","slug":"kenderszirup-05-l","status":"publish","type":"product","link":"https:\/\/www.vodnymlynkovacova.sk\/hu\/produkt\/konopny-sirup-05-l\/","title":{"rendered":"Kendermagszirup (0,5 l)<span class=\"codevz-product-category-after-title\">Kendermag \u00e9lelmiszerek<\/span>"},"content":{"rendered":"<div class=\"wpb-content-wrapper\"><div class=\"vc_row wpb_row vc_row-fluid\"><div class=\"wpb_column vc_column_container vc_col-sm-12\"><div class=\"vc_column-inner\"><div class=\"wpb_wrapper\">\n\t<div class=\"wpb_text_column wpb_content_element\" >\n\t\t<div class=\"wpb_wrapper\">\n\t\t\t<p>A kendermagszirup kellemes \u00edzes\u00edt\u0151 h\u00e1zi limon\u00e1d\u00e9khoz \u00e9s meleg italokhoz. V\u00edzben, \u00e1sv\u00e1nyv\u00edzben vagy sz\u00f3d\u00e1ban h\u00edg\u00edthat\u00f3, vagy \u00e9des\u00edt\u0151k\u00e9nt haszn\u00e1lhat\u00f3 te\u00e1ban, joghurtban. Detoxik\u00e1l\u00f3 hat\u00e1sai seg\u00edtik a szervezet m\u00e9regtelen\u00edt\u00e9s\u00e9t \u00e9s egyens\u00faly\u00e1nak fenntart\u00e1s\u00e1t. Tartalmaz fontos vitaminokat, \u00e1sv\u00e1nyi anyagokat \u00e9s m\u00e1s biol\u00f3giailag akt\u00edv \u00f6sszetev\u0151ket.<\/p>\n<p>Haszn\u00e1lat:: limon\u00e1d\u00e9k, te\u00e1k, h\u00e1zi italok.<\/p>\n<p>\u00d6sszet\u00e9tel: v\u00edz, kendern\u00f6v\u00e9ny, cukor, citroml\u00e9, citromsav<\/p>\n<p>T\u00e1rol\u00e1s: 4\u201325 \u00b0C, k\u00f6zvetlen napf\u00e9nyt\u0151l v\u00e9dve<\/p>\n<p>Adagol\u00e1s: naponta 2\u20133 alkalommal 1 ev\u0151kan\u00e1l<\/p>\n\n\t\t<\/div>\n\t<\/div>\n<\/div><\/div><\/div><\/div>\n<\/div>","protected":false},"excerpt":{"rendered":"<p><span style=\"color: #654321;\">Konopn\u00fd sirup je pr\u00edjemn\u00e9 dochutenie na dom\u00e1ce limon\u00e1dy a &#8230; <\/p>","protected":false},"featured_media":1370,"template":"","meta":[],"product_brand":[],"product_cat":[102],"product_tag":[],"class_list":{"0":"post-1553","1":"product","2":"type-product","3":"status-publish","4":"has-post-thumbnail","6":"product_cat-konopne-potraviny","8":"first","9":"instock","10":"shipping-taxable","11":"purchasable","12":"product-type-simple"},"_links":{"self":[{"href":"https:\/\/www.vodnymlynkovacova.sk\/hu\/wp-json\/wp\/v2\/product\/1553","targetHints":{"allow":["GET"]}}],"collection":[{"href":"https:\/\/www.vodnymlynkovacova.sk\/hu\/wp-json\/wp\/v2\/product"}],"about":[{"href":"https:\/\/www.vodnymlynkovacova.sk\/hu\/wp-json\/wp\/v2\/types\/product"}],"wp:featuredmedia":[{"embeddable":true,"href":"https:\/\/www.vodnymlynkovacova.sk\/hu\/wp-json\/wp\/v2\/media\/1370"}],"wp:attachment":[{"href":"https:\/\/www.vodnymlynkovacova.sk\/hu\/wp-json\/wp\/v2\/media?parent=1553"}],"wp:term":[{"taxonomy":"product_brand","embeddable":true,"href":"https:\/\/www.vodnymlynkovacova.sk\/hu\/wp-json\/wp\/v2\/product_brand?post=1553"},{"taxonomy":"product_cat","embeddable":true,"href":"https:\/\/www.vodnymlynkovacova.sk\/hu\/wp-json\/wp\/v2\/product_cat?post=1553"},{"taxonomy":"product_tag","embeddable":true,"href":"https:\/\/www.vodnymlynkovacova.sk\/hu\/wp-json\/wp\/v2\/product_tag?post=1553"}],"curies":[{"name":"wp","href":"https:\/\/api.w.org\/{rel}","templated":true}]}}