{"id":1552,"date":"2026-03-15T23:29:26","date_gmt":"2026-03-15T22:29:26","guid":{"rendered":"https:\/\/www.vodnymlynkovacova.sk\/?post_type=product&#038;p=1552"},"modified":"2026-03-23T23:41:19","modified_gmt":"2026-03-23T22:41:19","slug":"kendermag-hamozva-200-g","status":"publish","type":"product","link":"https:\/\/www.vodnymlynkovacova.sk\/hu\/produkt\/konopne-semena-lupane-200-g\/","title":{"rendered":"H\u00e1mozott kendermag (200 g)<span class=\"codevz-product-category-after-title\">Kendermag \u00e9lelmiszerek<\/span>"},"content":{"rendered":"<div class=\"wpb-content-wrapper\"><div class=\"vc_row wpb_row vc_row-fluid\"><div class=\"wpb_column vc_column_container vc_col-sm-12\"><div class=\"vc_column-inner\"><div class=\"wpb_wrapper\">\n\t<div class=\"wpb_text_column wpb_content_element\" >\n\t\t<div class=\"wpb_wrapper\">\n\t\t\t<p>A h\u00e1mozott kendermag term\u00e9szetes mogyor\u00f3s \u00edz\u0171. Kiv\u00e1l\u00f3 sal\u00e1t\u00e1khoz, smoothie-khoz, joghurthoz, zabk\u00e1s\u00e1hoz, s\u00fctem\u00e9nyekhez vagy t\u00e9szt\u00e1khoz. K\u00f6zvetlen\u00fcl haszn\u00e1lhat\u00f3 \u2013 nem sz\u00fcks\u00e9ges \u00e1ztatni.<\/p>\n<p>Mi\u00e9rt fogja szeretni:<br \/>\n- Term\u00e9szetes m\u00f3don tartalmaz n\u00f6v\u00e9nyi feh\u00e9rj\u00e9t \u00e9s tel\u00edtetlen zs\u00edrokat<br \/>\n- \u00c1sv\u00e1nyi anyagok forr\u00e1sa: kalcium, vas, magn\u00e9zium, foszfor, r\u00e9z, k\u00e1lium, n\u00e1trium, cink, szel\u00e9n, kr\u00f3m \u00e9s vitaminok E, B, A, K<br \/>\n- Akt\u00edv \u00e9letm\u00f3dhoz \u00e9s kiegyens\u00falyozott \u00e9trendhez ide\u00e1lis<\/p>\n<p>Aj\u00e1nlott napi adag: 30-40 g (\u00e9trendt\u0151l f\u00fcgg\u0151en).<\/p>\n<p>\u00d6sszet\u00e9tel: 100% h\u00e1mozott kendermag<\/p>\n\n\t\t<\/div>\n\t<\/div>\n<\/div><\/div><\/div><\/div>\n<\/div>","protected":false},"excerpt":{"rendered":"<p><span style=\"color: #654321;\">L\u00fapan\u00e9 konopn\u00e9 semienka s prirodzenou orie\u0161kovou chu\u0165ou. Skvel\u00e9 do &#8230; <\/p>","protected":false},"featured_media":1379,"template":"","meta":[],"product_brand":[],"product_cat":[102],"product_tag":[],"class_list":{"0":"post-1552","1":"product","2":"type-product","3":"status-publish","4":"has-post-thumbnail","6":"product_cat-konopne-potraviny","8":"first","9":"instock","10":"shipping-taxable","11":"purchasable","12":"product-type-simple"},"_links":{"self":[{"href":"https:\/\/www.vodnymlynkovacova.sk\/hu\/wp-json\/wp\/v2\/product\/1552","targetHints":{"allow":["GET"]}}],"collection":[{"href":"https:\/\/www.vodnymlynkovacova.sk\/hu\/wp-json\/wp\/v2\/product"}],"about":[{"href":"https:\/\/www.vodnymlynkovacova.sk\/hu\/wp-json\/wp\/v2\/types\/product"}],"wp:featuredmedia":[{"embeddable":true,"href":"https:\/\/www.vodnymlynkovacova.sk\/hu\/wp-json\/wp\/v2\/media\/1379"}],"wp:attachment":[{"href":"https:\/\/www.vodnymlynkovacova.sk\/hu\/wp-json\/wp\/v2\/media?parent=1552"}],"wp:term":[{"taxonomy":"product_brand","embeddable":true,"href":"https:\/\/www.vodnymlynkovacova.sk\/hu\/wp-json\/wp\/v2\/product_brand?post=1552"},{"taxonomy":"product_cat","embeddable":true,"href":"https:\/\/www.vodnymlynkovacova.sk\/hu\/wp-json\/wp\/v2\/product_cat?post=1552"},{"taxonomy":"product_tag","embeddable":true,"href":"https:\/\/www.vodnymlynkovacova.sk\/hu\/wp-json\/wp\/v2\/product_tag?post=1552"}],"curies":[{"name":"wp","href":"https:\/\/api.w.org\/{rel}","templated":true}]}}