{"id":1551,"date":"2026-03-15T23:27:58","date_gmt":"2026-03-15T22:27:58","guid":{"rendered":"https:\/\/www.vodnymlynkovacova.sk\/?post_type=product&#038;p=1551"},"modified":"2026-03-23T23:42:19","modified_gmt":"2026-03-23T22:42:19","slug":"hidegen-sajtolt-kenderolaj-250-ml","status":"publish","type":"product","link":"https:\/\/www.vodnymlynkovacova.sk\/hu\/produkt\/konopny-olej-za-studena-lisovany-250-ml\/","title":{"rendered":"Hidegen sajtolt kendermagolaj (250 ml)<span class=\"codevz-product-category-after-title\">Kendermag \u00e9lelmiszerek<\/span>"},"content":{"rendered":"<div class=\"wpb-content-wrapper\"><div class=\"vc_row wpb_row vc_row-fluid\"><div class=\"wpb_column vc_column_container vc_col-sm-12\"><div class=\"vc_column-inner\"><div class=\"wpb_wrapper\">\n\t<div class=\"wpb_text_column wpb_content_element\" >\n\t\t<div class=\"wpb_wrapper\">\n\t\t\t<p>A hidegen sajtolt kendermagolaj enyhe mogyor\u00f3s \u00edzzel rendelkezik. Csak hidegen haszn\u00e1lhat\u00f3 \u2013 ide\u00e1lis sal\u00e1t\u00e1khoz, \u00f6ntetekhez, ken\u0151kh\u00f6z, majon\u00e9zhez vagy k\u00e9sz \u00e9telek \u00edzes\u00edt\u00e9s\u00e9hez.<\/p>\n<p>Mi\u00e9rt fogja szeretni:<br \/>\nK\u00f6nnyen em\u00e9szthet\u0151, term\u00e9szetes \u00e9rt\u00e9kes anyagokat tartalmaz:\u00f6nnyen em\u00e9szthet\u0151, term\u00e9szetes \u00e9rt\u00e9kes anyagokat tartalmaz:<br \/>\n- kb. 80% esszenci\u00e1lis zs\u00edrsavak, f\u0151k\u00e9nt omega-3 \u00e9s omega-6, gyakran 3:1 ar\u00e1nyban<br \/>\n- arginin (a kendermagban term\u00e9szetesen el\u0151fordul\u00f3 aminosav)<br \/>\n- vitaminok, k\u00fcl\u00f6n\u00f6sen A, D \u00e9s E (az E-vitamin ismert antioxid\u00e1ns)<br \/>\n- \u00e1sv\u00e1nyi anyagok: vas, kalcium, magn\u00e9zium, foszfor, k\u00e1lium \u00e9s cink<\/p>\n<p>Haszn\u00e1lat: hideg \u00e9telekhez vagy k\u00e9sz \u00e9telekre csepegtetve.<\/p>\n<p>Aj\u00e1nlott adag: napi 1 ev\u0151kan\u00e1l (ig\u00e9ny szerint)<\/p>\n<p>\u00d6sszet\u00e9tel: 100% sz\u0171z kendermagolaj (tan\u00fas\u00edtott kendermag fajt\u00e1k)<\/p>\n<p>T\u00e1rol\u00e1s:<br \/>\n- s\u00f6t\u00e9t helyen<br \/>\n- felbont\u00e1s ut\u00e1n h\u0171t\u0151ben<br \/>\n- j\u00f3l lez\u00e1rt \u00fcvegben<\/p>\n\n\t\t<\/div>\n\t<\/div>\n<\/div><\/div><\/div><\/div>\n<\/div>","protected":false},"excerpt":{"rendered":"<p><span style=\"color: #654321;\">Za studena lisovan\u00fd konopn\u00fd olej s jemnou orie\u0161kovou chu\u0165ou. &#8230; <\/p>","protected":false},"featured_media":1372,"template":"","meta":[],"product_brand":[],"product_cat":[102],"product_tag":[],"class_list":{"0":"post-1551","1":"product","2":"type-product","3":"status-publish","4":"has-post-thumbnail","6":"product_cat-konopne-potraviny","8":"first","9":"instock","10":"shipping-taxable","11":"purchasable","12":"product-type-simple"},"_links":{"self":[{"href":"https:\/\/www.vodnymlynkovacova.sk\/hu\/wp-json\/wp\/v2\/product\/1551","targetHints":{"allow":["GET"]}}],"collection":[{"href":"https:\/\/www.vodnymlynkovacova.sk\/hu\/wp-json\/wp\/v2\/product"}],"about":[{"href":"https:\/\/www.vodnymlynkovacova.sk\/hu\/wp-json\/wp\/v2\/types\/product"}],"wp:featuredmedia":[{"embeddable":true,"href":"https:\/\/www.vodnymlynkovacova.sk\/hu\/wp-json\/wp\/v2\/media\/1372"}],"wp:attachment":[{"href":"https:\/\/www.vodnymlynkovacova.sk\/hu\/wp-json\/wp\/v2\/media?parent=1551"}],"wp:term":[{"taxonomy":"product_brand","embeddable":true,"href":"https:\/\/www.vodnymlynkovacova.sk\/hu\/wp-json\/wp\/v2\/product_brand?post=1551"},{"taxonomy":"product_cat","embeddable":true,"href":"https:\/\/www.vodnymlynkovacova.sk\/hu\/wp-json\/wp\/v2\/product_cat?post=1551"},{"taxonomy":"product_tag","embeddable":true,"href":"https:\/\/www.vodnymlynkovacova.sk\/hu\/wp-json\/wp\/v2\/product_tag?post=1551"}],"curies":[{"name":"wp","href":"https:\/\/api.w.org\/{rel}","templated":true}]}}