{"id":1550,"date":"2026-03-15T23:25:37","date_gmt":"2026-03-15T22:25:37","guid":{"rendered":"https:\/\/www.vodnymlynkovacova.sk\/?post_type=product&#038;p=1550"},"modified":"2026-03-23T23:43:15","modified_gmt":"2026-03-23T22:43:15","slug":"harsfabol-keszult-fa-lapat","status":"publish","type":"product","link":"https:\/\/www.vodnymlynkovacova.sk\/hu\/produkt\/drevena-lopatka-na-muku-z-lipoveho-dreva\/","title":{"rendered":"H\u00e1rsf\u00e1b\u00f3l k\u00e9sz\u00fclt lisztlap\u00e1t<span class=\"codevz-product-category-after-title\">Konyhai kieg\u00e9sz\u00edt\u0151k<\/span>"},"content":{"rendered":"<div class=\"wpb-content-wrapper\"><div class=\"vc_row wpb_row vc_row-fluid\"><div class=\"wpb_column vc_column_container vc_col-sm-12\"><div class=\"vc_column-inner\"><div class=\"wpb_wrapper\">\n\t<div class=\"wpb_text_column wpb_content_element\" >\n\t\t<div class=\"wpb_wrapper\">\n\t\t\t<p>H\u00e1rsf\u00e1b\u00f3l k\u00e9sz\u00fclt lisztlap\u00e1t<\/p>\n<p>Ergonomikus, k\u00e9nyelmesen haszn\u00e1lhat\u00f3 liszt vagy kisebb sz\u00e1razanyagok adagol\u00e1s\u00e1hoz.<\/p>\n<p>M\u00e9ret - 17 cm<\/p>\n\n\t\t<\/div>\n\t<\/div>\n<\/div><\/div><\/div><\/div>\n<\/div>","protected":false},"excerpt":{"rendered":"<p>Praktick\u00e1 dreven\u00e1 lopatka na m\u00faku vyroben\u00e1 zo 100 % mas\u00edvneho lipov\u00e9ho &#8230; <\/p>","protected":false},"featured_media":1636,"template":"","meta":[],"product_brand":[],"product_cat":[101],"product_tag":[],"class_list":{"0":"post-1550","1":"product","2":"type-product","3":"status-publish","4":"has-post-thumbnail","6":"product_cat-doplnky-do-kuchyne","8":"first","9":"instock","10":"shipping-taxable","11":"purchasable","12":"product-type-simple"},"_links":{"self":[{"href":"https:\/\/www.vodnymlynkovacova.sk\/hu\/wp-json\/wp\/v2\/product\/1550","targetHints":{"allow":["GET"]}}],"collection":[{"href":"https:\/\/www.vodnymlynkovacova.sk\/hu\/wp-json\/wp\/v2\/product"}],"about":[{"href":"https:\/\/www.vodnymlynkovacova.sk\/hu\/wp-json\/wp\/v2\/types\/product"}],"wp:featuredmedia":[{"embeddable":true,"href":"https:\/\/www.vodnymlynkovacova.sk\/hu\/wp-json\/wp\/v2\/media\/1636"}],"wp:attachment":[{"href":"https:\/\/www.vodnymlynkovacova.sk\/hu\/wp-json\/wp\/v2\/media?parent=1550"}],"wp:term":[{"taxonomy":"product_brand","embeddable":true,"href":"https:\/\/www.vodnymlynkovacova.sk\/hu\/wp-json\/wp\/v2\/product_brand?post=1550"},{"taxonomy":"product_cat","embeddable":true,"href":"https:\/\/www.vodnymlynkovacova.sk\/hu\/wp-json\/wp\/v2\/product_cat?post=1550"},{"taxonomy":"product_tag","embeddable":true,"href":"https:\/\/www.vodnymlynkovacova.sk\/hu\/wp-json\/wp\/v2\/product_tag?post=1550"}],"curies":[{"name":"wp","href":"https:\/\/api.w.org\/{rel}","templated":true}]}}