{"id":22,"date":"2017-06-10T08:25:52","date_gmt":"2017-06-10T08:25:52","guid":{"rendered":"http:\/\/xtratheme.combuilding\/?page_id=10"},"modified":"2026-03-31T09:08:16","modified_gmt":"2026-03-31T07:08:16","slug":"kapcsolat","status":"publish","type":"page","link":"https:\/\/www.vodnymlynkovacova.sk\/hu\/kontakt\/","title":{"rendered":"Kapcsolat"},"content":{"rendered":"<div class=\"wpb-content-wrapper\"><div data-vc-full-width=\"true\" data-vc-full-width-temp=\"true\" data-vc-full-width-init=\"false\" class=\"vc_row wpb_row vc_row-fluid\"><div class=\"wpb_column vc_column_container vc_col-sm-12\"><div class=\"vc_column-inner\"><div class=\"wpb_wrapper\"><div class=\"cz_gap clr\" style=\"height: 75px\"><\/div><div class=\"vc_row wpb_row vc_inner vc_row-fluid\"><div class=\"wpb_column vc_column_container vc_col-sm-4\"><div class=\"vc_column-inner\"><div class=\"wpb_wrapper\"><div id=\"cz_8215\" class=\"cz_8215 cz_title clr cz_title_has_icon cz_title_pos_block tac\"><a href=\"tel:+421949306413\"><div class=\"cz_title_content\"><i class=\"cz_title_icon_before fa czico-092-phone-call-1\"><\/i><div class=\"cz_wpe_content\"><h3 style=\"text-align: center;\"><span style=\"color: #654321; font-size: 22px; font-weight: 500;\">+421 949 306 413<br \/>\n+421 944 596 047<\/span><\/h3>\n<\/div><\/div><\/a><\/div><\/div><\/div><\/div><div class=\"wpb_column vc_column_container vc_col-sm-4\"><div class=\"vc_column-inner\"><div class=\"wpb_wrapper\"><div id=\"cz_1599\" class=\"cz_1599 cz_title clr cz_title_has_icon cz_title_pos_block tac\"><a href=\"https:\/\/maps.app.goo.gl\/UwURomozPVcPQMGR7\" target=\"_blank\" rel=\"noopener\"><div class=\"cz_title_content\"><i class=\"cz_title_icon_before fa czico-080-placeholder-3\"><\/i><div class=\"cz_wpe_content\"><h3 style=\"text-align: center;\"><span style=\"color: #654321; font-size: 22px; font-weight: 500;\">A Kiskov\u00e1csv\u00e1g\u00e1si v\u00edzimalom<br \/>\nKov\u00e1\u010dov\u00e1 60<br \/>\n049 42 Kov\u00e1\u010dov\u00e1<br \/>\nKassa megye<\/span><\/h3>\n<\/div><\/div><\/a><\/div><\/div><\/div><\/div><div class=\"wpb_column vc_column_container vc_col-sm-4\"><div class=\"vc_column-inner\"><div class=\"wpb_wrapper\"><div id=\"cz_3660\" class=\"cz_3660 cz_title clr cz_title_has_icon cz_title_pos_block tac\"><a href=\"mailto:info@vodnymlynkovacova.sk\"><div class=\"cz_title_content\"><i class=\"cz_title_icon_before fa czico-094-envelope\"><\/i><div class=\"cz_wpe_content\"><h3 style=\"text-align: center;\"><span style=\"color: #654321; font-size: 22px; font-weight: 500;\">info@vodnymlynkovacova.sk<\/span><\/h3>\n<\/div><\/div><\/a><\/div><\/div><\/div><\/div><\/div><div class=\"cz_gap clr  hide_on_mobile\" style=\"height: 60px\"><\/div><div class=\"cz_gap show_on_mobile clr\" style=\"height: 5px\"><\/div><\/div><\/div><\/div><\/div><div class=\"vc_row-full-width vc_clearfix\"><\/div><div class=\"vc_row wpb_row vc_row-fluid\"><div class=\"wpb_column vc_column_container vc_col-sm-12\"><div class=\"vc_column-inner\"><div class=\"wpb_wrapper\"><div class=\"cz_gap clr  hide_on_mobile\" style=\"height: 12px\"><\/div><div class=\"cz_gap show_on_mobile clr\" style=\"height: 6px\"><\/div>\n\t<div class=\"wpb_text_column wpb_content_element vc_custom_1774940894276\" >\n\t\t<div class=\"wpb_wrapper\">\n\t\t\t<p style=\"text-align: center;\"><span style=\"color: #654321; font-size: 32px;\"><span style=\"font-family: Verdana;\"><b>Nyitvatart\u00e1s<\/b><\/span><\/span><\/p>\n<p style=\"text-align: left;\"><span style=\"color: #654321;\"><span style=\"font-family: Verdana;\"><span style=\"font-size: large;\"><b>M\u00e1jus, j\u00fanius, szeptember, okt\u00f3ber<\/b><\/span><\/span><\/span><\/p>\n<ul style=\"text-align: left; color: #654321;\">\n<li><span style=\"color: #654321;\"><span style=\"font-family: Verdana;\"><span style=\"font-size: large;\">P\u00e9ntek: 17:00 - 19:00<\/span><\/span><\/span><\/li>\n<li><span style=\"color: #654321;\"><span style=\"font-family: Verdana;\"><span style=\"font-size: large;\">Szombat: 10:00 - 18:00<\/span><\/span><\/span><\/li>\n<li><span style=\"color: #654321;\"><span style=\"font-family: Verdana;\"><span style=\"font-size: large;\">Vas\u00e1rnap: 10:00 - 17:00<\/span><\/span><\/span><\/li>\n<\/ul>\n<p>&nbsp;<\/p>\n<p style=\"text-align: left;\"><span style=\"color: #654321;\"><span style=\"font-family: Verdana;\"><span style=\"font-size: large;\"><b>J\u00falius, augusztus<\/b><\/span><\/span><\/span><\/p>\n<ul style=\"text-align: left; color: #654321;\">\n<li><span style=\"color: #654321;\"><span style=\"font-family: Verdana;\"><span style=\"font-size: large;\">Szerda, cs\u00fct\u00f6rt\u00f6k, p\u00e9ntek: 14:00 - 19:00<\/span><\/span><\/span><\/li>\n<li><span style=\"color: #654321;\"><span style=\"font-family: Verdana;\"><span style=\"font-size: large;\">Szombat, vas\u00e1rnap: 10:00 - 18:00<\/span><\/span><\/span><\/li>\n<\/ul>\n<p>&nbsp;<\/p>\n<p style=\"text-align: left;\"><span style=\"color: #654321;\"><span style=\"font-family: Verdana;\"><span style=\"font-size: large;\"><b>Megjegyz\u00e9s:<\/b><\/span><span style=\"font-size: large;\"> a malom k\u00fcls\u0151 ter\u00fclete csak nyitvatart\u00e1si id\u0151ben, illetve a t\u00far\u00e1k idej\u00e9n l\u00e1togathat\u00f3. <\/span><\/span><\/span><\/p>\n<p style=\"text-align: center;\"><span style=\"color: #654321;\"><span style=\"font-family: Verdana;\"><span style=\"font-size: large;\"><b>T\u00e9li id\u0151szakban (november\u2013\u00e1prilis) a malom z\u00e1rva tart a l\u00e1togat\u00f3k el\u0151tt.<\/b><\/span><\/span><\/span><\/p>\n<p style=\"text-align: center;\"><span style=\"font-family: Verdana; color: #654321;\"><span style=\"font-size: 32px;\"><b>Navig\u00e1ci\u00f3 \u00e9s parkol\u00e1s<\/b><\/span><\/span><\/p>\n<p><span style=\"font-family: Verdana; color: #654321;\"><span style=\"font-size: large;\">A Waze vagy a Google Maps alkalmaz\u00e1sban keresse:<br \/>\n\u201e<\/span><span style=\"font-size: large;\"><b>M\u00fazeum Vodn\u00fd mlyn Kov\u00e1\u010dov\u00e1 pri Ro\u017e\u0148ave<\/b><\/span><span style=\"font-size: large;\">\u201c<br \/>\nA navig\u00e1ci\u00f3 k\u00f6zvetlen\u00fcl a malom kapuj\u00e1hoz vezeti.<\/span><\/span><br \/>\n<span style=\"font-family: Verdana; color: #654321;\"><span style=\"font-size: large;\">A malom m\u00f6g\u00f6tt <\/span><span style=\"font-size: large;\"><b>ingyenes parkol\u00f3 tal\u00e1lhat\u00f3<\/b><\/span><span style=\"font-size: large;\">. Parkolni lehet a buszmeg\u00e1ll\u00f3 alatti t\u00e9ren is.<\/span><\/span><\/p>\n<p style=\"text-align: center;\"><span style=\"font-family: Verdana; color: #654321;\"><span style=\"font-size: xx-small;\"><b>&nbsp;<\/b><\/span><span style=\"font-size: 32px;\"><b>Hogyan juthat el hozz\u00e1nk<\/b><\/span><\/span><\/p>\n<p><span style=\"font-family: Verdana; color: #654321; font-size: 22px;\"><b>Megk\u00f6zel\u00edt\u00e9s aut\u00f3val<\/b><\/span><\/p>\n<ul style=\"color: #654321;\">\n<li><span style=\"font-family: Verdana; color: #654321;\"><span style=\"font-size: large;\"><b>Kassa fel\u0151l (Rozsny\u00f3 ir\u00e1ny\u00e1ba):<br \/>\n<\/b><\/span><span style=\"font-size: large;\">A Soro\u0161ka-h\u00e1g\u00f3n \u00e1thaladva, H\u00e1rsk\u00fat (Lipovn\u00edk) k\u00f6zs\u00e9g ut\u00e1n az els\u0151 keresztez\u0151d\u00e9sn\u00e9l forduljon jobbra <b>Barka\/(B\u00f4rka).&nbsp;<\/b>Haladjon tov\u00e1bb Dern\u0151n (Drnava) kereszt\u00fcl Kiskov\u00e1csv\u00e1g\u00e1s\u00e1ra. A buszmeg\u00e1ll\u00f3n\u00e1l forduljon balra.<\/span><\/span><\/li>\n<li><span style=\"font-family: Verdana; color: #654321;\"><span style=\"font-size: large;\"><b>Rozsny\u00f3 fel\u0151l (Kassa ir\u00e1ny\u00e1ba):<br \/>\n<\/b><\/span><span style=\"font-size: large;\">A Soro\u0161ka-h\u00e1g\u00f3 el\u0151tt, H\u00e1rsk\u00fat (Lipovn\u00edk) k\u00f6zs\u00e9gn\u00e9l l\u00e9v\u0151 keresztez\u0151d\u00e9sn\u00e9l forduljon balra <\/span><span style=\"font-size: large;\"><b>Barka\/(B\u00f4rka).&nbsp;<\/b><\/span><span style=\"font-size: large;\">Haladjon Dern\u0151n (Drnava) kereszt\u00fcl Kiskov\u00e1csv\u00e1g\u00e1s\u00e1ra. A buszmeg\u00e1ll\u00f3n\u00e1l forduljon balra.<\/span><\/span><\/li>\n<\/ul>\n<p>&nbsp;<\/p>\n<p><span style=\"font-family: Verdana; color: #654321; font-size: 22px;\"><b>Megk\u00f6zel\u00edt\u00e9s ker\u00e9kp\u00e1rral<\/b><\/span><\/p>\n<ul style=\"color: #654321;\">\n<li><span style=\"font-family: Verdana; color: #654321;\"><span style=\"font-size: large;\"><b>Kassa \u00e9s Rozsny\u00f3 fel\u0151l<\/b><\/span><span style=\"font-size: large;\">: ugyanaz az \u00fatvonal, mint aut\u00f3val.<\/span><\/span><\/li>\n<li><span style=\"font-family: Verdana; color: #654321;\"><span style=\"font-size: large;\"><b>Torna (Tur\u0148a nad Bodvou) fel\u0151l<\/b><\/span><span style=\"font-size: large;\">: \u00c1j (H\u00e1j), Ha\u010dava, Sz\u00e1del\u0151i-fenns\u00edk ir\u00e1ny\u00e1ba a fels\u0151 Sz\u00e1del\u0151i mened\u00e9kh\u00e1zhoz, vagy Sz\u00e1del\u0151 k\u00f6zs\u00e9gb\u0151l a Sz\u00e1del\u0151i-szurdokon \u00e1t; a fels\u0151 mened\u00e9kh\u00e1z el\u0151tt balra let\u00e9r\u00e9s (Barka\/B\u00f4rka ir\u00e1ny\u00e1ba).<\/span><\/span><\/li>\n<li><span style=\"font-family: Verdana; color: #654321;\"><span style=\"font-size: large;\"><b>\u00dahorna (\u00dahorn\u00e1) fel\u0151l<\/b><\/span><span style=\"font-size: large;\">: Krasznahorkai v\u00e1r al\u00e1 (Kr\u00e1snohorsk\u00e9 Podhradie), az \u00dahornai-nyereg ut\u00e1n kb. 500 m-rel balra erdei aszfalt\u00fatra; fel a keresztez\u0151d\u00e9sig Kiskov\u00e1csv\u00e1g\u00e1sa felett, kil\u00e1t\u00e1ssal a Som-hegy szikl\u00e1ra.<\/span><\/span><\/li>\n<li><span style=\"font-family: Verdana; color: #654321;\"><span style=\"font-size: large;\"><b>Soro\u0161ka-h\u00e1g\u00f3 (Koliba Soro\u0161ka) fel\u0151l<\/b><\/span><span style=\"font-size: large;\">: ker\u00e9kp\u00e1r\u00fat a Sz\u00e1del\u0151i-szurdok ir\u00e1ny\u00e1ba, kb. 2 km ut\u00e1n let\u00e9r\u00e9s Kiskov\u00e1csv\u00e1g\u00e1sa fel\u00e9.<\/span><\/span><\/li>\n<li><span style=\"font-family: Verdana; color: #654321;\"><span style=\"font-size: large;\"><b>Krasznahorkai v\u00e1r al\u00f3l (Kr\u00e1snohorsk\u00e9 Podhradie)<\/b><\/span><span style=\"font-size: large;\">: ker\u00e9kp\u00e1r\u00fat Dern\u0151n (Drnava) kereszt\u00fcl Kiskov\u00e1csv\u00e1g\u00e1s\u00e1ra.<\/span><\/span><\/li>\n<\/ul>\n<p>&nbsp;<\/p>\n<p><span style=\"font-family: Verdana; color: #654321; font-size: 22px;\"><b>Busz \u00e9s vonat<\/b><\/span><\/p>\n<ul style=\"color: #654321;\">\n<li><span style=\"font-family: Verdana; color: #654321;\"><span style=\"font-size: large;\">Buszmeg\u00e1ll\u00f3: <\/span><span style=\"font-size: large;\"><b>H\u00e1rsk\u00fat (Lipovn\u00edk, \u201er\u00e1zc. Drnava\u201d)<\/b><\/span><span style=\"font-size: large;\">, \u00e1tsz\u00e1ll\u00e1s Barka (B\u00f4rka) ir\u00e1ny\u00e1ba.<\/span><\/span><\/li>\n<li><span style=\"font-family: Verdana; color: #654321;\"><span style=\"font-size: large;\">Vonat + busz: <\/span><span style=\"font-size: large;\"><b>Rozsny\u00f3<\/b><\/span><span style=\"font-size: large;\"> vas\u00fat\u00e1llom\u00e1sr\u00f3l \u00e1tsz\u00e1ll\u00e1s <\/span><span style=\"font-size: large;\"><b>B\u00f4rka.<\/b><\/span><\/span><\/li>\n<\/ul>\n\n\t\t<\/div>\n\t<\/div>\n<\/div><\/div><\/div><\/div><div class=\"vc_row wpb_row vc_row-fluid vc_custom_1497126171788 vc_row-has-fill\"><div class=\"wpb_column vc_column_container vc_col-sm-6\"><div class=\"vc_column-inner vc_custom_1556514189840\"><div class=\"wpb_wrapper\"><div id=\"cz_6557\" class=\"cz_6557 cz_title clr cz_mobile_text_center cz_title_pos_inline\"><div class=\"cz_title_shape shape_square cz_shape_1\"><\/div><div class=\"cz_title_shape shape_square cz_shape_2\"><\/div><div class=\"cz_title_content\"><div class=\"cz_wpe_content\"><h3><span style=\"color: #654321; font-weight: bold;\">\u00c9rt\u00e9kel\u00e9sek \u00e9s Google t\u00e9rk\u00e9p<\/span><\/h3>\n<\/div><\/div><\/div><div class=\"cz_gap clr\" style=\"height: 20px\"><\/div>\n\t<div class=\"wpb_text_column wpb_content_element\" >\n\t\t<div class=\"wpb_wrapper\">\n\t\t\t\n\t\t<\/div>\n\t<\/div>\n<div id=\"cz_48131\" class=\"cz_48131 cz_cf7 clr\"><div>\n<div class=\"wpcf7 no-js\" id=\"wpcf7-f505-o1\" lang=\"en-US\" dir=\"ltr\" data-wpcf7-id=\"505\">\n<div class=\"screen-reader-response\"><p role=\"status\" aria-live=\"polite\" aria-atomic=\"true\"><\/p> <ul><\/ul><\/div>\n<form action=\"\/hu\/wp-json\/wp\/v2\/pages\/22#wpcf7-f505-o1\" method=\"post\" class=\"wpcf7-form init\" aria-label=\"Contact form\" novalidate=\"novalidate\" data-status=\"init\" data-trp-original-action=\"\/hu\/wp-json\/wp\/v2\/pages\/22#wpcf7-f505-o1\">\n<fieldset class=\"hidden-fields-container\"><input type=\"hidden\" name=\"_wpcf7\" value=\"505\" \/><input type=\"hidden\" name=\"_wpcf7_version\" value=\"6.1.5\" \/><input type=\"hidden\" name=\"_wpcf7_locale\" value=\"en_US\" \/><input type=\"hidden\" name=\"_wpcf7_unit_tag\" value=\"wpcf7-f505-o1\" \/><input type=\"hidden\" name=\"_wpcf7_container_post\" value=\"0\" \/><input type=\"hidden\" name=\"_wpcf7_posted_data_hash\" value=\"\" \/>\n<\/fieldset>\n<p><span class=\"wpcf7-form-control-wrap\" data-name=\"your-name\"><input size=\"40\" maxlength=\"400\" class=\"wpcf7-form-control wpcf7-text wpcf7-validates-as-required\" aria-required=\"true\" aria-invalid=\"false\" placeholder=\"Az \u00d6n neve (*)\" value=\"\" type=\"text\" name=\"your-name\" \/><\/span>\n<\/p>\n<p><span class=\"wpcf7-form-control-wrap\" data-name=\"your-email\"><input size=\"40\" maxlength=\"400\" class=\"wpcf7-form-control wpcf7-email wpcf7-validates-as-required wpcf7-text wpcf7-validates-as-email\" aria-required=\"true\" aria-invalid=\"false\" placeholder=\"Az \u00d6n e-mail c\u00edme (*)\" value=\"\" type=\"email\" name=\"your-email\" \/><\/span>\n<\/p>\n<p><span class=\"wpcf7-form-control-wrap\" data-name=\"tel\"><input size=\"40\" maxlength=\"400\" class=\"wpcf7-form-control wpcf7-text\" aria-invalid=\"false\" placeholder=\"Telefon\" value=\"\" type=\"text\" name=\"tel\" \/><\/span>\n<\/p>\n<p><span class=\"wpcf7-form-control-wrap\" data-name=\"your-message\"><textarea cols=\"40\" rows=\"10\" maxlength=\"2000\" class=\"wpcf7-form-control wpcf7-textarea wpcf7-validates-as-required\" aria-required=\"true\" aria-invalid=\"false\" placeholder=\"Az \u00d6n \u00fczenete (*)\" name=\"your-message\"><\/textarea><\/span>\n<\/p>\n<p><input class=\"wpcf7-form-control wpcf7-submit has-spinner\" type=\"submit\" value=\"K\u00fcldje el a\" \/>\n<\/p><div class=\"wpcf7-response-output\" aria-hidden=\"true\"><\/div>\n<input type=\"hidden\" name=\"trp-form-language\" value=\"hu\"\/><\/form>\n<\/div>\n<\/div><\/div><\/div><\/div><\/div><div class=\"wpb_column vc_column_container vc_col-sm-6\"><div class=\"vc_column-inner\"><div class=\"wpb_wrapper\"><div class=\"wpb_gmaps_widget wpb_content_element vc_map_responsive\"><div class=\"wpb_wrapper\"><div class=\"wpb_map_wraper\"><iframe loading=\"lazy\" src=\"https:\/\/maps.google.com\/maps?q=M%C3%BAzeum%20Vodn%C3%BD%20mlyn%20Kov%C3%A1%C4%8Dov%C3%A1%20pri%20Ro%C5%BE%C5%88ave&#038;t=m&#038;z=10&#038;output=embed&#038;iwloc=near\" title=\"M\u00fazeum Vodn\u00fd mlyn Kov\u00e1\u010dov\u00e1 pri Ro\u017e\u0148ave\" aria-label=\"M\u00fazeum Vodn\u00fd mlyn Kov\u00e1\u010dov\u00e1 pri Ro\u017e\u0148ave\" ><\/iframe><\/div><\/div><\/div><\/div><\/div><\/div><\/div><div class=\"vc_row wpb_row vc_row-fluid\"><div class=\"wpb_column vc_column_container vc_col-sm-12\"><div class=\"vc_column-inner\"><div class=\"wpb_wrapper\"><div class=\"cz_gap clr  hide_on_mobile\" style=\"height: 120px\"><\/div><div class=\"cz_gap show_on_mobile clr\" style=\"height: 70px\"><\/div><\/div><\/div><\/div><\/div><div class=\"vc_row wpb_row vc_row-fluid\"><div class=\"wpb_column vc_column_container vc_col-sm-6\"><div class=\"vc_column-inner\"><div class=\"wpb_wrapper\">\n\t<div  class=\"wpb_single_image wpb_content_element vc_align_center wpb_content_element\">\n\t\t\n\t\t<figure class=\"wpb_wrapper vc_figure\">\n\t\t\t<div class=\"vc_single_image-wrapper   vc_box_border_grey\"><img decoding=\"async\" width=\"320\" height=\"284\" src=\"https:\/\/www.vodnymlynkovacova.sk\/wp-content\/uploads\/2026\/03\/320megvalosult.jpg\" class=\"vc_single_image-img attachment-full\" alt=\"320megvalosult\" srcset=\"https:\/\/www.vodnymlynkovacova.sk\/wp-content\/uploads\/2026\/03\/320megvalosult.jpg 320w, https:\/\/www.vodnymlynkovacova.sk\/wp-content\/uploads\/2026\/03\/320megvalosult-300x266.jpg 300w, https:\/\/www.vodnymlynkovacova.sk\/wp-content\/uploads\/2026\/03\/320megvalosult-14x12.jpg 14w\" sizes=\"auto, (max-width: 320px) 100vw, 320px\" loading=\"lazy\" title=\"\"><\/div>\n\t\t<\/figure>\n\t<\/div>\n<\/div><\/div><\/div><div class=\"wpb_column vc_column_container vc_col-sm-6\"><div class=\"vc_column-inner\"><div class=\"wpb_wrapper\">\n\t<div  class=\"wpb_single_image wpb_content_element vc_align_center wpb_content_element\">\n\t\t\n\t\t<figure class=\"wpb_wrapper vc_figure\">\n\t\t\t<div class=\"vc_single_image-wrapper   vc_box_border_grey\"><img decoding=\"async\" width=\"320\" height=\"284\" src=\"https:\/\/www.vodnymlynkovacova.sk\/wp-content\/uploads\/2026\/03\/320gabor.jpg\" class=\"vc_single_image-img attachment-full\" alt=\"320db\" srcset=\"https:\/\/www.vodnymlynkovacova.sk\/wp-content\/uploads\/2026\/03\/320gabor.jpg 320w, https:\/\/www.vodnymlynkovacova.sk\/wp-content\/uploads\/2026\/03\/320gabor-300x266.jpg 300w, https:\/\/www.vodnymlynkovacova.sk\/wp-content\/uploads\/2026\/03\/320gabor-14x12.jpg 14w\" sizes=\"auto, (max-width: 320px) 100vw, 320px\" loading=\"lazy\" title=\"\"><\/div>\n\t\t<\/figure>\n\t<\/div>\n<\/div><\/div><\/div><\/div>\n<\/div>","protected":false},"excerpt":{"rendered":"+421 949 306 413 +421 944 596 047 Vodn\u00fd mlyn Kov\u00e1\u010dov\u00e1 Kov\u00e1\u010dov\u00e1 60 049 42 Kov\u00e1\u010dov\u00e1 Ko\u0161ick\u00fd kraj info@vodnymlynkovacova.sk Otv\u00e1racie","protected":false},"author":1,"featured_media":0,"parent":0,"menu_order":0,"comment_status":"closed","ping_status":"closed","template":"","meta":{"footnotes":""},"class_list":["post-22","page","type-page","status-publish","hentry"],"_links":{"self":[{"href":"https:\/\/www.vodnymlynkovacova.sk\/hu\/wp-json\/wp\/v2\/pages\/22","targetHints":{"allow":["GET"]}}],"collection":[{"href":"https:\/\/www.vodnymlynkovacova.sk\/hu\/wp-json\/wp\/v2\/pages"}],"about":[{"href":"https:\/\/www.vodnymlynkovacova.sk\/hu\/wp-json\/wp\/v2\/types\/page"}],"author":[{"embeddable":true,"href":"https:\/\/www.vodnymlynkovacova.sk\/hu\/wp-json\/wp\/v2\/users\/1"}],"replies":[{"embeddable":true,"href":"https:\/\/www.vodnymlynkovacova.sk\/hu\/wp-json\/wp\/v2\/comments?post=22"}],"version-history":[{"count":44,"href":"https:\/\/www.vodnymlynkovacova.sk\/hu\/wp-json\/wp\/v2\/pages\/22\/revisions"}],"predecessor-version":[{"id":2085,"href":"https:\/\/www.vodnymlynkovacova.sk\/hu\/wp-json\/wp\/v2\/pages\/22\/revisions\/2085"}],"wp:attachment":[{"href":"https:\/\/www.vodnymlynkovacova.sk\/hu\/wp-json\/wp\/v2\/media?parent=22"}],"curies":[{"name":"wp","href":"https:\/\/api.w.org\/{rel}","templated":true}]}}