{"id":22,"date":"2017-06-10T08:25:52","date_gmt":"2017-06-10T08:25:52","guid":{"rendered":"http:\/\/xtratheme.combuilding\/?page_id=10"},"modified":"2026-03-31T09:08:16","modified_gmt":"2026-03-31T07:08:16","slug":"contact","status":"publish","type":"page","link":"https:\/\/www.vodnymlynkovacova.sk\/en\/kontakt\/","title":{"rendered":"Contact"},"content":{"rendered":"<div class=\"wpb-content-wrapper\"><div data-vc-full-width=\"true\" data-vc-full-width-temp=\"true\" data-vc-full-width-init=\"false\" class=\"vc_row wpb_row vc_row-fluid\"><div class=\"wpb_column vc_column_container vc_col-sm-12\"><div class=\"vc_column-inner\"><div class=\"wpb_wrapper\"><div class=\"cz_gap clr\" style=\"height: 75px\"><\/div><div class=\"vc_row wpb_row vc_inner vc_row-fluid\"><div class=\"wpb_column vc_column_container vc_col-sm-4\"><div class=\"vc_column-inner\"><div class=\"wpb_wrapper\"><div id=\"cz_8215\" class=\"cz_8215 cz_title clr cz_title_has_icon cz_title_pos_block tac\"><a href=\"tel:+421949306413\"><div class=\"cz_title_content\"><i class=\"cz_title_icon_before fa czico-092-phone-call-1\"><\/i><div class=\"cz_wpe_content\"><h3 style=\"text-align: center;\"><span style=\"color: #654321; font-size: 22px; font-weight: 500;\">+421 949 306 413<br \/>\n+421 944 596 047<\/span><\/h3>\n<\/div><\/div><\/a><\/div><\/div><\/div><\/div><div class=\"wpb_column vc_column_container vc_col-sm-4\"><div class=\"vc_column-inner\"><div class=\"wpb_wrapper\"><div id=\"cz_1599\" class=\"cz_1599 cz_title clr cz_title_has_icon cz_title_pos_block tac\"><a href=\"https:\/\/maps.app.goo.gl\/UwURomozPVcPQMGR7\" target=\"_blank\" rel=\"noopener\"><div class=\"cz_title_content\"><i class=\"cz_title_icon_before fa czico-080-placeholder-3\"><\/i><div class=\"cz_wpe_content\"><h3 style=\"text-align: center;\"><span style=\"color: #654321; font-size: 22px; font-weight: 500;\">The Kov\u00e1\u010dov\u00e1 Water Mill<br \/>\nKov\u00e1\u010dov\u00e1 60<br \/>\n049 42 Kov\u00e1\u010dov\u00e1<br \/>\nKo\u0161ice region<\/span><\/h3>\n<\/div><\/div><\/a><\/div><\/div><\/div><\/div><div class=\"wpb_column vc_column_container vc_col-sm-4\"><div class=\"vc_column-inner\"><div class=\"wpb_wrapper\"><div id=\"cz_3660\" class=\"cz_3660 cz_title clr cz_title_has_icon cz_title_pos_block tac\"><a href=\"mailto:info@vodnymlynkovacova.sk\"><div class=\"cz_title_content\"><i class=\"cz_title_icon_before fa czico-094-envelope\"><\/i><div class=\"cz_wpe_content\"><h3 style=\"text-align: center;\"><span style=\"color: #654321; font-size: 22px; font-weight: 500;\">info@vodnymlynkovacova.sk<\/span><\/h3>\n<\/div><\/div><\/a><\/div><\/div><\/div><\/div><\/div><div class=\"cz_gap clr  hide_on_mobile\" style=\"height: 60px\"><\/div><div class=\"cz_gap show_on_mobile clr\" style=\"height: 5px\"><\/div><\/div><\/div><\/div><\/div><div class=\"vc_row-full-width vc_clearfix\"><\/div><div class=\"vc_row wpb_row vc_row-fluid\"><div class=\"wpb_column vc_column_container vc_col-sm-12\"><div class=\"vc_column-inner\"><div class=\"wpb_wrapper\"><div class=\"cz_gap clr  hide_on_mobile\" style=\"height: 12px\"><\/div><div class=\"cz_gap show_on_mobile clr\" style=\"height: 6px\"><\/div>\n\t<div class=\"wpb_text_column wpb_content_element vc_custom_1774940894276\" >\n\t\t<div class=\"wpb_wrapper\">\n\t\t\t<p style=\"text-align: center;\"><span style=\"color: #654321; font-size: 32px;\"><span style=\"font-family: Verdana;\"><b>Opening hours<\/b><\/span><\/span><\/p>\n<p style=\"text-align: left;\"><span style=\"color: #654321;\"><span style=\"font-family: Verdana;\"><span style=\"font-size: large;\"><b>May, June, September, October<\/b><\/span><\/span><\/span><\/p>\n<ul style=\"text-align: left; color: #654321;\">\n<li><span style=\"color: #654321;\"><span style=\"font-family: Verdana;\"><span style=\"font-size: large;\">Friday: 17:00 - 19:00<\/span><\/span><\/span><\/li>\n<li><span style=\"color: #654321;\"><span style=\"font-family: Verdana;\"><span style=\"font-size: large;\">Saturday: 10:00 - 18:00<\/span><\/span><\/span><\/li>\n<li><span style=\"color: #654321;\"><span style=\"font-family: Verdana;\"><span style=\"font-size: large;\">Sunday: 10:00 - 17:00<\/span><\/span><\/span><\/li>\n<\/ul>\n<p>&nbsp;<\/p>\n<p style=\"text-align: left;\"><span style=\"color: #654321;\"><span style=\"font-family: Verdana;\"><span style=\"font-size: large;\"><b>July, August<\/b><\/span><\/span><\/span><\/p>\n<ul style=\"text-align: left; color: #654321;\">\n<li><span style=\"color: #654321;\"><span style=\"font-family: Verdana;\"><span style=\"font-size: large;\">Wednesday, Thursday, Friday: 14:00 - 19:00<\/span><\/span><\/span><\/li>\n<li><span style=\"color: #654321;\"><span style=\"font-family: Verdana;\"><span style=\"font-size: large;\">Saturday, Sunday: 10:00 - 18:00<\/span><\/span><\/span><\/li>\n<\/ul>\n<p>&nbsp;<\/p>\n<p style=\"text-align: left;\"><span style=\"color: #654321;\"><span style=\"font-family: Verdana;\"><span style=\"font-size: large;\"><b>Note:<\/b><\/span><span style=\"font-size: large;\"> The mill exterior is accessible only during opening hours and tours. <\/span><\/span><\/span><\/p>\n<p style=\"text-align: center;\"><span style=\"color: #654321;\"><span style=\"font-family: Verdana;\"><span style=\"font-size: large;\"><b>The mill is closed to the public during winter (November \u2013 April).<\/b><\/span><\/span><\/span><\/p>\n<p style=\"text-align: center;\"><span style=\"font-family: Verdana; color: #654321;\"><span style=\"font-size: 32px;\"><b>Navigation and Parking<\/b><\/span><\/span><\/p>\n<p><span style=\"font-family: Verdana; color: #654321;\"><span style=\"font-size: large;\">In Waze or Google Maps, enter:<br \/>\n\u201e<\/span><span style=\"font-size: large;\"><b>M\u00fazeum Vodn\u00fd mlyn Kov\u00e1\u010dov\u00e1 pri Ro\u017e\u0148ave<\/b><\/span><span style=\"font-size: large;\">\u201c<br \/>\nNavigation will take you directly to the mill entrance.<\/span><\/span><br \/>\n<span style=\"font-family: Verdana; color: #654321;\"><span style=\"font-size: large;\">There is free parking <\/span><span style=\"font-size: large;\"><b>behind the mill<\/b><\/span><span style=\"font-size: large;\">. You can also park on the village square below the bus stop.<\/span><\/span><\/p>\n<p style=\"text-align: center;\"><span style=\"font-family: Verdana; color: #654321;\"><span style=\"font-size: xx-small;\"><b>&nbsp;<\/b><\/span><span style=\"font-size: 32px;\"><b>How to Get Here<\/b><\/span><\/span><\/p>\n<p><span style=\"font-family: Verdana; color: #654321; font-size: 22px;\"><b>By Car<\/b><\/span><\/p>\n<ul style=\"color: #654321;\">\n<li><span style=\"font-family: Verdana; color: #654321;\"><span style=\"font-size: large;\"><b>From Ko\u0161ice toward Ro\u017e\u0148ava:<br \/>\n<\/b><\/span><span style=\"font-size: large;\">After passing the Soro\u0161ka pass, turn right at the first junction near the village Lipovn\u00edk (direction <b>B\u00f4rka<\/b>). Continue through Drnava to Kov\u00e1\u010dov\u00e1. At the bus stop, turn left.<\/span><\/span><\/li>\n<li><span style=\"font-family: Verdana; color: #654321;\"><span style=\"font-size: large;\"><b>From Ro\u017e\u0148ava toward Ko\u0161ice:<br \/>\n<\/b><\/span><span style=\"font-size: large;\">Before the Soro\u0161ka pass, turn left at the junction near the village Lipovn\u00edk (direction <\/span><span style=\"font-size: large;\"><b>B\u00f4rka<\/b><\/span><span style=\"font-size: large;\">) and continue through Drnava to Kov\u00e1\u010dov\u00e1. At the bus stop, turn left.<\/span><\/span><\/li>\n<\/ul>\n<p>&nbsp;<\/p>\n<p><span style=\"font-family: Verdana; color: #654321; font-size: 22px;\"><b>By Bicycle<\/b><\/span><\/p>\n<ul style=\"color: #654321;\">\n<li><span style=\"font-family: Verdana; color: #654321;\"><span style=\"font-size: large;\"><b>From Ko\u0161ice and Ro\u017e\u0148ava&nbsp;<\/b><\/span><span style=\"font-size: large;\">\u2013 follow the same route as by car.<\/span><\/span><\/li>\n<li><span style=\"font-family: Verdana; color: #654321;\"><span style=\"font-size: large;\"><b>From Turne nad Bodvou&nbsp;<\/b><\/span><span style=\"font-size: large;\">\u2013 via H\u00e1j, Ha\u010dava, and the Z\u00e1diel Plateau toward the upper Z\u00e1diel mountain hut. From Z\u00e1diel, ride through Z\u00e1diel Gorge, and before the upper hut turn left (direction B\u00f4rka).<\/span><\/span><\/li>\n<li><span style=\"font-family: Verdana; color: #654321;\"><span style=\"font-size: large;\"><b>From \u00dahorn\u00e1 -<\/b><\/span><span style=\"font-size: large;\">&nbsp;toward Kr\u00e1snohorsk\u00e9 Podhradie. About 500 m after the \u00dahornianske saddle, turn left onto a forest asphalt road leading to a forest junction above Kov\u00e1\u010dov\u00e1 with a view of Drie\u0148ovec Rock.<\/span><\/span><\/li>\n<li><span style=\"font-family: Verdana; color: #654321;\"><span style=\"font-size: large;\"><b>From Jablonov saddle (Koliba Soro\u0161ka)&nbsp;<\/b><\/span><span style=\"font-size: large;\">\u2013 cycle route toward Z\u00e1diel Gorge, after about 2 km turn toward Kov\u00e1\u010dov\u00e1.<\/span><\/span><\/li>\n<li><span style=\"font-family: Verdana; color: #654321;\"><span style=\"font-size: large;\"><b>From Kr\u00e1snohorsk\u00e9 Podhradie&nbsp;<\/b><\/span><span style=\"font-size: large;\">\u2013 cycling route through Drnava to Kov\u00e1\u010dov\u00e1.<\/span><\/span><\/li>\n<\/ul>\n<p>&nbsp;<\/p>\n<p><span style=\"font-family: Verdana; color: #654321; font-size: 22px;\"><b>Bus and train<\/b><\/span><\/p>\n<ul style=\"color: #654321;\">\n<li><span style=\"font-family: Verdana; color: #654321;\"><span style=\"font-size: large;\">Bus stop <\/span><span style=\"font-size: large;\"><b>Lipovn\u00edk, r\u00e1zcestie Drnava<\/b><\/span><span style=\"font-size: large;\">, then transfer to a bus toward B\u00f4rka.<\/span><\/span><\/li>\n<li><span style=\"font-family: Verdana; color: #654321;\"><span style=\"font-size: large;\">From <\/span><span style=\"font-size: large;\"><b>Ro\u017e\u0148ava<\/b><\/span><span style=\"font-size: large;\"> railway station, transfer to a bus toward <\/span><span style=\"font-size: large;\"><b>B\u00f4rka.<\/b><\/span><\/span><\/li>\n<\/ul>\n\n\t\t<\/div>\n\t<\/div>\n<\/div><\/div><\/div><\/div><div class=\"vc_row wpb_row vc_row-fluid vc_custom_1497126171788 vc_row-has-fill\"><div class=\"wpb_column vc_column_container vc_col-sm-6\"><div class=\"vc_column-inner vc_custom_1556514189840\"><div class=\"wpb_wrapper\"><div id=\"cz_6557\" class=\"cz_6557 cz_title clr cz_mobile_text_center cz_title_pos_inline\"><div class=\"cz_title_shape shape_square cz_shape_1\"><\/div><div class=\"cz_title_shape shape_square cz_shape_2\"><\/div><div class=\"cz_title_content\"><div class=\"cz_wpe_content\"><h3><span style=\"color: #654321; font-weight: bold;\">CONTACT US<\/span><\/h3>\n<\/div><\/div><\/div><div class=\"cz_gap clr\" style=\"height: 20px\"><\/div>\n\t<div class=\"wpb_text_column wpb_content_element\" >\n\t\t<div class=\"wpb_wrapper\">\n\t\t\t\n\t\t<\/div>\n\t<\/div>\n<div id=\"cz_48131\" class=\"cz_48131 cz_cf7 clr\"><div>\n<div class=\"wpcf7 no-js\" id=\"wpcf7-f505-o1\" lang=\"en-US\" dir=\"ltr\" data-wpcf7-id=\"505\">\n<div class=\"screen-reader-response\"><p role=\"status\" aria-live=\"polite\" aria-atomic=\"true\"><\/p> <ul><\/ul><\/div>\n<form action=\"\/en\/wp-json\/wp\/v2\/pages\/22#wpcf7-f505-o1\" method=\"post\" class=\"wpcf7-form init\" aria-label=\"Contact form\" novalidate=\"novalidate\" data-status=\"init\" data-trp-original-action=\"\/en\/wp-json\/wp\/v2\/pages\/22#wpcf7-f505-o1\">\n<fieldset class=\"hidden-fields-container\"><input type=\"hidden\" name=\"_wpcf7\" value=\"505\" \/><input type=\"hidden\" name=\"_wpcf7_version\" value=\"6.1.5\" \/><input type=\"hidden\" name=\"_wpcf7_locale\" value=\"en_US\" \/><input type=\"hidden\" name=\"_wpcf7_unit_tag\" value=\"wpcf7-f505-o1\" \/><input type=\"hidden\" name=\"_wpcf7_container_post\" value=\"0\" \/><input type=\"hidden\" name=\"_wpcf7_posted_data_hash\" value=\"\" \/>\n<\/fieldset>\n<p><span class=\"wpcf7-form-control-wrap\" data-name=\"your-name\"><input size=\"40\" maxlength=\"400\" class=\"wpcf7-form-control wpcf7-text wpcf7-validates-as-required\" aria-required=\"true\" aria-invalid=\"false\" placeholder=\"Your name (*)\" value=\"\" type=\"text\" name=\"your-name\" \/><\/span>\n<\/p>\n<p><span class=\"wpcf7-form-control-wrap\" data-name=\"your-email\"><input size=\"40\" maxlength=\"400\" class=\"wpcf7-form-control wpcf7-email wpcf7-validates-as-required wpcf7-text wpcf7-validates-as-email\" aria-required=\"true\" aria-invalid=\"false\" placeholder=\"Your e-mail (*)\" value=\"\" type=\"email\" name=\"your-email\" \/><\/span>\n<\/p>\n<p><span class=\"wpcf7-form-control-wrap\" data-name=\"tel\"><input size=\"40\" maxlength=\"400\" class=\"wpcf7-form-control wpcf7-text\" aria-invalid=\"false\" placeholder=\"Phone\" value=\"\" type=\"text\" name=\"tel\" \/><\/span>\n<\/p>\n<p><span class=\"wpcf7-form-control-wrap\" data-name=\"your-message\"><textarea cols=\"40\" rows=\"10\" maxlength=\"2000\" class=\"wpcf7-form-control wpcf7-textarea wpcf7-validates-as-required\" aria-required=\"true\" aria-invalid=\"false\" placeholder=\"Your message (*)\" name=\"your-message\"><\/textarea><\/span>\n<\/p>\n<p><input class=\"wpcf7-form-control wpcf7-submit has-spinner\" type=\"submit\" value=\"Send to\" \/>\n<\/p><div class=\"wpcf7-response-output\" aria-hidden=\"true\"><\/div>\n<input type=\"hidden\" name=\"trp-form-language\" value=\"en\"\/><\/form>\n<\/div>\n<\/div><\/div><\/div><\/div><\/div><div class=\"wpb_column vc_column_container vc_col-sm-6\"><div class=\"vc_column-inner\"><div class=\"wpb_wrapper\"><div class=\"wpb_gmaps_widget wpb_content_element vc_map_responsive\"><div class=\"wpb_wrapper\"><div class=\"wpb_map_wraper\"><iframe loading=\"lazy\" src=\"https:\/\/maps.google.com\/maps?q=M%C3%BAzeum%20Vodn%C3%BD%20mlyn%20Kov%C3%A1%C4%8Dov%C3%A1%20pri%20Ro%C5%BE%C5%88ave&#038;t=m&#038;z=10&#038;output=embed&#038;iwloc=near\" title=\"M\u00fazeum Vodn\u00fd mlyn Kov\u00e1\u010dov\u00e1 pri Ro\u017e\u0148ave\" aria-label=\"M\u00fazeum Vodn\u00fd mlyn Kov\u00e1\u010dov\u00e1 pri Ro\u017e\u0148ave\" ><\/iframe><\/div><\/div><\/div><\/div><\/div><\/div><\/div><div class=\"vc_row wpb_row vc_row-fluid\"><div class=\"wpb_column vc_column_container vc_col-sm-12\"><div class=\"vc_column-inner\"><div class=\"wpb_wrapper\"><div class=\"cz_gap clr  hide_on_mobile\" style=\"height: 120px\"><\/div><div class=\"cz_gap show_on_mobile clr\" style=\"height: 70px\"><\/div><\/div><\/div><\/div><\/div><div class=\"vc_row wpb_row vc_row-fluid\"><div class=\"wpb_column vc_column_container vc_col-sm-6\"><div class=\"vc_column-inner\"><div class=\"wpb_wrapper\"><\/div><\/div><\/div><div class=\"wpb_column vc_column_container vc_col-sm-6\"><div class=\"vc_column-inner\"><div class=\"wpb_wrapper\"><\/div><\/div><\/div><\/div>\n<\/div>","protected":false},"excerpt":{"rendered":"+421 949 306 413 +421 944 596 047 Vodn\u00fd mlyn Kov\u00e1\u010dov\u00e1 Kov\u00e1\u010dov\u00e1 60 049 42 Kov\u00e1\u010dov\u00e1 Ko\u0161ick\u00fd kraj info@vodnymlynkovacova.sk Otv\u00e1racie","protected":false},"author":1,"featured_media":0,"parent":0,"menu_order":0,"comment_status":"closed","ping_status":"closed","template":"","meta":{"footnotes":""},"class_list":["post-22","page","type-page","status-publish","hentry"],"_links":{"self":[{"href":"https:\/\/www.vodnymlynkovacova.sk\/en\/wp-json\/wp\/v2\/pages\/22","targetHints":{"allow":["GET"]}}],"collection":[{"href":"https:\/\/www.vodnymlynkovacova.sk\/en\/wp-json\/wp\/v2\/pages"}],"about":[{"href":"https:\/\/www.vodnymlynkovacova.sk\/en\/wp-json\/wp\/v2\/types\/page"}],"author":[{"embeddable":true,"href":"https:\/\/www.vodnymlynkovacova.sk\/en\/wp-json\/wp\/v2\/users\/1"}],"replies":[{"embeddable":true,"href":"https:\/\/www.vodnymlynkovacova.sk\/en\/wp-json\/wp\/v2\/comments?post=22"}],"version-history":[{"count":44,"href":"https:\/\/www.vodnymlynkovacova.sk\/en\/wp-json\/wp\/v2\/pages\/22\/revisions"}],"predecessor-version":[{"id":2085,"href":"https:\/\/www.vodnymlynkovacova.sk\/en\/wp-json\/wp\/v2\/pages\/22\/revisions\/2085"}],"wp:attachment":[{"href":"https:\/\/www.vodnymlynkovacova.sk\/en\/wp-json\/wp\/v2\/media?parent=22"}],"curies":[{"name":"wp","href":"https:\/\/api.w.org\/{rel}","templated":true}]}}