{"id":1602,"date":"2026-03-16T01:38:34","date_gmt":"2026-03-16T00:38:34","guid":{"rendered":"https:\/\/www.vodnymlynkovacova.sk\/?page_id=1602"},"modified":"2026-03-25T17:46:56","modified_gmt":"2026-03-25T16:46:56","slug":"mill-tour","status":"publish","type":"page","link":"https:\/\/www.vodnymlynkovacova.sk\/en\/prehliadka-mlyna\/","title":{"rendered":"Mill Tour"},"content":{"rendered":"<div class=\"wpb-content-wrapper\"><div class=\"vc_row wpb_row vc_row-fluid vc_custom_1556484376874\"><div class=\"wpb_column vc_column_container vc_col-sm-12\"><div class=\"vc_column-inner\"><div class=\"wpb_wrapper\"><div class=\"cz_gap clr\" style=\"height: 20px\"><\/div><\/div><\/div><\/div><\/div><div class=\"vc_row wpb_row vc_row-fluid vc_custom_1773938067507\"><div class=\"wpb_column vc_column_container vc_col-sm-12\"><div class=\"vc_column-inner\"><div class=\"wpb_wrapper\">\n\t<div class=\"wpb_text_column wpb_content_element vc_custom_1774457210199\" >\n\t\t<div class=\"wpb_wrapper\">\n\t\t\t<h2 style=\"text-align: center;\"><span style=\"font-family: Verdana;\">Mill Tour<\/span><\/h2>\n<p>&nbsp;<\/p>\n<p style=\"text-align: left;\"><span style=\"color: #654321;\"><span style=\"font-family: Verdana;\"><span style=\"font-size: large;\"><b>About the Tour<\/b><\/span><\/span><\/span><\/p>\n<p style=\"text-align: left;\"><span style=\"color: #654321;\"><span style=\"font-family: Verdana;\"><span style=\"font-size: large;\">Guided tours introduce visitors to the history of the mill and traditional milling and last approximately 30\u201345 minutes.                                                                                                       The mill is located in the valley of the \u010cremo\u0161n\u00e1 stream, in the village of Kov\u00e1\u010dov\u00e1 near Ro\u017e\u0148ava, close to Z\u00e1diel Gorge and the Drie\u0148ovec Rock in the Slovak Karst National Park.\nThe mill once belonged to the Andr\u00e1ssy family of Kr\u00e1sna H\u00f4rka and today represents a unique technical monument with original equipment.<\/span><\/span><\/span><\/p>\n<p style=\"text-align: left;\"><span style=\"color: #654321;\"><span style=\"font-family: Verdana;\"><span style=\"font-size: large;\"><b>What You Can Encounter During the Tour<\/b><\/span><\/span><\/span><\/p>\n<ul style=\"text-align: left; color: #654321;\">\n<li><span style=\"color: #654321;\"><span style=\"font-family: Verdana;\"><span style=\"font-size: large;\">original milling equipment on three floors and the flour-making process<\/span><\/span><\/span><\/li>\n<li><span style=\"color: #654321;\"><span style=\"font-family: Verdana;\"><span style=\"font-size: large;\">a working water wheel and millrace<\/span><\/span><\/span><\/li>\n<li><span style=\"color: #654321;\"><span style=\"font-family: Verdana;\"><span style=\"font-size: large;\">a restored hemp breaker<\/span><\/span><\/span><\/li>\n<li><span style=\"color: #654321;\"><span style=\"font-family: Verdana;\"><span style=\"font-size: large;\">exhibition of traditional hemp processing and woven products<\/span><\/span><\/span><\/li>\n<li><span style=\"color: #654321;\"><span style=\"font-family: Verdana;\"><span style=\"font-size: large;\">grinding on traditional millstones<\/span><\/span><\/span><\/li>\n<li><span style=\"color: #654321;\"><span style=\"font-family: Verdana;\"><span style=\"font-size: large;\">the story of the last miller and his family<\/span><\/span><\/span><\/li>\n<li><span style=\"color: #654321;\"><span style=\"font-family: Verdana;\"><span style=\"font-size: large;\">household items and folk crafts from Gemer<\/span><\/span><\/span><\/li>\n<\/ul>\n<p>&nbsp;<\/p>\n<p style=\"text-align: left;\"><span style=\"color: #654321;\"><span style=\"font-family: Verdana;\"><span style=\"font-size: large;\"><b>Refreshments and Terrace<\/b><\/span><\/span><\/span><\/p>\n<p style=\"text-align: left;\"><span style=\"color: #654321;\"><span style=\"font-family: Verdana;\"><span style=\"font-size: large;\">After the tour you can relax on the garden terrace.\nWe offer coffee, hot chocolate, homemade lemonades, draft drinks, ice cream and small snacks.<\/span><\/span><\/span><\/p>\n<p style=\"text-align: left;\"><span style=\"color: #654321;\"><span style=\"font-family: Verdana;\"><span style=\"font-size: large;\"><b>More about the tour<\/b><\/span><\/span><\/span><\/p>\n<p style=\"text-align: left;\"><span style=\"color: #654321;\"><span style=\"font-family: Verdana;\"><span style=\"font-size: large;\">The water mill lies in <\/span><span style=\"font-size: large;\"><b>the valley of the stream \u010cremo\u0161n\u00e1<\/b><\/span><span style=\"font-size: large;\">, in the picturesque village of Kov\u00e1\u010dov\u00e1 close to Ro\u017e\u0148ava, within reach of the Z\u00e1diel Valley and near the Drie\u0148ovec Rock in the <\/span><span style=\"font-size: large;\"><b>Slovak Karst National Park<\/b><\/span><span style=\"font-size: large;\">. The mill, which once belonged to a famous <\/span><span style=\"font-size: large;\"><b>Andr\u00e1ssy family of Kr\u00e1sn\u00e1 H\u00f4rka<\/b><\/span><span style=\"font-size: large;\">, is today a unique technical monument with its original equipment preserved.<\/span><\/span><\/span><\/p>\n<p style=\"text-align: left;\"><span style=\"color: #654321;\"><span style=\"font-family: Verdana;\"><span style=\"font-size: large;\">During the tour spread over three floors, <\/span><span style=\"font-size: large;\"><b>you will not only hear but also see how flour was produced in the past. <\/b><\/span><span style=\"font-size: large;\">You will learn the story of the miller and his family, who lived and worked here until nationalization in 1950. The exhibition includes everyday objects and items of folk art, such as pottery, ceramics, wickerwork, and metalwork, as well as embroidery and other pieces from the Gemer region.<\/span><\/span><\/span><\/p>\n<p style=\"text-align: left;\" class=\"translation-block\"><span style=\"color: #654321\">\n<span style=\"font-family: Verdana\"><span style=\"font-size: large\">At the mill, there is a functional water wheel with a diameter of 5 meters, powered by water flowing through a 30-meter-long wooden trough, which you can view up close. In the past, the wheel powered not only the milling machines but also the hemp breaker, which women used for processing hemp. The restored hemp breaker at the mill is the only one of its kind in Slovakia.<\/span><\/span><\/span><\/p>\n<p style=\"text-align: left;\" class=\"translation-block\"><span style=\"color: #654321\"><span style=\"font-family: Verdana\"><span style=\"font-size: large\">In a separate room, you can also see an exhibition of traditional hemp processing, along with woven products such as flour sacks, rugs, towels, and tablecloths. The exhibition includes various tools used in producing hemp threads, all the way to looms used for weaving.<\/span><\/span><\/p>\n<p style=\"text-align: left;\" class=\"translation-block\"><span style=\"color: #654321\"><span style=\"font-family: Verdana\"><span style=\"font-size: large\">Visitors can try the oldest method of grinding on millstones and experience manual milling firsthand.<\/span><\/span><\/span><\/p>\n<p style=\"text-align: left;\" class=\"translation-block\"><span style=\"color: #654321\"><span style=\"font-family: Verdana\"><span style=\"font-size: large\">After such an interesting journey into the past, you can enjoy a small refreshment\u2014coffee, hot chocolate, homemade lemonades, drinks on tap, ice cream, or a light snack\u2014and relax on the terrace in the pleasant garden surroundings.<\/span><\/span><\/span><\/p>\n<p style=\"text-align: center;\"><span style=\"color: #654321; font-size: 26px;\"><span style=\"font-family: Verdana;\"><b>Individual visit<\/b><\/span><\/span><\/p>\n<ul style=\"text-align: left; color: #654321;\">\n<li><span style=\"color: #654321;\"><span style=\"font-family: Verdana;\"><span style=\"font-size: large;\">Reservation is not required \u2013 we will gladly welcome you during opening hours.<\/span><\/span><\/span><\/li>\n<li><span style=\"color: #654321;\"><span style=\"font-family: Verdana;\"><span style=\"font-size: large;\">Tour start times depend on the number of visitors currently present.<\/span><\/span><\/span><\/li>\n<li><span style=\"color: #654321;\"><span style=\"font-family: Verdana;\"><span style=\"font-size: large;\">Individual visitors or small groups may wait up to 30 minutes.<\/span><\/span><\/span><\/li>\n<li><span style=\"color: #654321;\"><span style=\"font-family: Verdana;\"><span style=\"font-size: large;\">If a tour is already in progress, you can enjoy refreshments on the terrace while waiting.<\/span><\/span><\/span><\/li>\n<\/ul>\n<p>&nbsp;<\/p>\n<p style=\"text-align: center;\"><span style=\"color: #654321; font-size: 26px;\"><span style=\"font-family: Verdana;\"><b>Group Visit (15\u201329 people)<\/b><\/span><\/span><\/p>\n<ul style=\"text-align: left; color: #654321;\">\n<li><span style=\"color: #654321;\"><span style=\"font-family: Verdana;\"><span style=\"font-size: large;\">We recommend booking in advance by phone so we can reserve a time for you.<\/span><\/span><\/span><\/li>\n<li><span style=\"color: #654321;\"><span style=\"font-family: Verdana;\"><span style=\"font-size: large;\">Visits outside opening hours possible (May\u2013October) by agreement.<\/span><\/span><\/span><\/li>\n<li><span style=\"color: #654321;\"><span style=\"font-family: Verdana;\"><span style=\"font-size: large;\">Interior capacity: maximum 12 adults at a time (tours run in smaller groups).<\/span><\/span><\/span><\/li>\n<li><span style=\"color: #654321;\"><span style=\"font-family: Verdana;\"><span style=\"font-size: large;\">Unannounced groups may need to wait.<\/span><\/span><\/span><\/li>\n<li><span style=\"color: #654321;\"><span style=\"font-family: Verdana;\"><span style=\"font-size: large;\">Terrace seating and refreshments are available while waiting. <\/span><\/span><\/span><\/li>\n<\/ul>\n<p>&nbsp;<\/p>\n<p style=\"text-align: center;\"><span style=\"color: #654321; font-size: 26px;\"><span style=\"font-family: Verdana;\"><b>Bus Tours and Schools<\/b><\/span><\/span><\/p>\n<ul style=\"text-align: left; color: #654321;\">\n<li><span style=\"color: #654321;\"><span style=\"font-family: Verdana;\"><span style=\"font-size: large;\">Please book at least 10 days in advance, ideally by phone.<\/span><\/span><\/span><\/li>\n<li><span style=\"color: #654321;\"><span style=\"font-family: Verdana;\"><span style=\"font-size: large;\">Covered terrace capacity: 50\u201355 people.<\/span><\/span><\/span><\/li>\n<li><span style=\"color: #654321;\"><span style=\"font-family: Verdana;\"><span style=\"font-size: large;\">Groups of 30+ people may visit outside opening hours (May\u2013October).<\/span><\/span><\/span><\/li>\n<li><span style=\"color: #654321;\"><span style=\"font-family: Verdana;\"><span style=\"font-size: large;\">Interior tours run in groups of 12 people, rotating between activities: interior tour \/ exterior area \/ hemp exhibition and manual grinding \/ refreshments on the terrace.<\/span><\/span><\/span><\/li>\n<li><span style=\"color: #654321;\"><span style=\"font-family: Verdana;\"><span style=\"font-size: large;\">A visit for a 50-person group lasts approximately 2 hours.<\/span><\/span><\/span><\/li>\n<\/ul>\n<p>&nbsp;<\/p>\n<p style=\"text-align: center;\"><span style=\"color: #654321; font-size: 26px;\"><span style=\"font-family: Verdana;\"><b>Teambuilding \/ Corporate Groups<\/b><\/span><\/span><\/p>\n<ul style=\"text-align: left; color: #654321;\">\n<li><span style=\"color: #654321;\"><span style=\"font-family: Verdana;\"><span style=\"font-size: large;\">Reservation at least 10 days in advance (by phone).<\/span><\/span><\/span><\/li>\n<li><span style=\"color: #654321;\"><span style=\"font-family: Verdana;\"><span style=\"font-size: large;\">Visits outside opening hours possible (May\u2013October) by agreement.<\/span><\/span><\/span><\/li>\n<li><span style=\"color: #654321;\"><span style=\"font-family: Verdana;\"><span style=\"font-size: large;\">The program can be adapted to your requirements.<\/span><\/span><\/span><\/li>\n<li><span style=\"color: #654321;\"><span style=\"font-family: Verdana;\"><span style=\"font-size: large;\">Refreshments and terrace seating available.<\/span><\/span><\/span><\/li>\n<\/ul>\n<p>&nbsp;<\/p>\n<p style=\"text-align: center;\"><span style=\"color: #654321; font-size: 26px;\"><span style=\"font-family: Verdana;\"><b>Admission<\/b><\/span><\/span><\/p>\n<ul style=\"text-align: left; color: #654321;\">\n<li><span style=\"color: #654321;\"><span style=\"font-family: Verdana;\"><span style=\"font-size: large;\">Adults: 6 \u20ac<\/span><\/span><\/span><\/li>\n<li><span style=\"color: #654321;\"><span style=\"font-family: Verdana;\"><span style=\"font-size: large;\">Seniors (over 62+), students (ISIC), disabled: 4.50 \u20ac<\/span><\/span><\/span><\/li>\n<li><span style=\"color: #654321;\"><span style=\"font-family: Verdana;\"><span style=\"font-size: large;\">Children (6-17 years): 3 \u20ac<\/span><\/span><\/span><\/li>\n<li><span style=\"color: #654321;\"><span style=\"font-family: Verdana;\"><span style=\"font-size: large;\">Children under 5: free<\/span><\/span><\/span><\/li>\n<li><span style=\"color: #654321;\"><span style=\"font-family: Verdana;\"><span style=\"font-size: large;\">Minimum admission (1\u20132 people): 10 \u20ac <\/span><\/span><\/span><\/li>\n<\/ul>\n<p style=\"text-align: left;\"><span style=\"color: #654321;\"><span style=\"font-family: Verdana;\"><span style=\"font-size: large;\">Guided tour: approximately 30\u201345 minutes. <\/span><\/span><\/span><\/p>\n<p style=\"text-align: left;\"><span style=\"color: #654321;\"><span style=\"font-family: Verdana;\"><span style=\"font-size: large;\"><b>Admission is considered a voluntary contribution to the Civic Association Vodn\u00fd mlyn Kov\u00e1\u010dov\u00e1 and is used for preserving the mill for future generations.\nThank you for your support.<\/b><\/span><\/span><\/span><\/p>\n<p style=\"text-align: center;\"><span style=\"color: #654321; font-size: 26px;\"><span style=\"font-family: Verdana;\"><b>Opening hours<\/b><\/span><\/span><\/p>\n<p style=\"text-align: left;\"><span style=\"color: #654321;\"><span style=\"font-family: Verdana;\"><span style=\"font-size: large;\"><b>May, June, September, October<\/b><\/span><\/span><\/span><\/p>\n<ul style=\"text-align: left; color: #654321;\">\n<li><span style=\"color: #654321;\"><span style=\"font-family: Verdana;\"><span style=\"font-size: large;\">Friday: 17:00 - 19:00<\/span><\/span><\/span><\/li>\n<li><span style=\"color: #654321;\"><span style=\"font-family: Verdana;\"><span style=\"font-size: large;\">Saturday: 10:00 - 18:00<\/span><\/span><\/span><\/li>\n<li><span style=\"color: #654321;\"><span style=\"font-family: Verdana;\"><span style=\"font-size: large;\">Sunday: 10:00 - 17:00<\/span><\/span><\/span><\/li>\n<\/ul>\n<p>&nbsp;<\/p>\n<p style=\"text-align: left;\"><span style=\"color: #654321;\"><span style=\"font-family: Verdana;\"><span style=\"font-size: large;\"><b>July, August<\/b><\/span><\/span><\/span><\/p>\n<ul style=\"text-align: left; color: #654321;\">\n<li><span style=\"color: #654321;\"><span style=\"font-family: Verdana;\"><span style=\"font-size: large;\">Wednesday, Thursday, Friday: 14:00 - 19:00<\/span><\/span><\/span><\/li>\n<li><span style=\"color: #654321;\"><span style=\"font-family: Verdana;\"><span style=\"font-size: large;\">Saturday, Sunday: 10:00 - 18:00<\/span><\/span><\/span><\/li>\n<\/ul>\n<p>&nbsp;<\/p>\n<p style=\"text-align: left;\"><span style=\"color: #654321;\"><span style=\"font-family: Verdana;\"><span style=\"font-size: large;\"><b>Note:<\/b><\/span><span style=\"font-size: large;\"> The mill exterior is accessible only during opening hours and tours. <\/span><\/span><\/span><\/p>\n<p style=\"text-align: center;\"><span style=\"color: #654321;\"><span style=\"font-family: Verdana;\"><span style=\"font-size: large;\"><b>The mill is closed to the public during winter (November \u2013 April).<\/b><\/span><\/span><\/span><\/p>\n\n\t\t<\/div>\n\t<\/div>\n<\/div><\/div><\/div><\/div><div class=\"vc_row wpb_row vc_row-fluid\"><div class=\"wpb_column vc_column_container vc_col-sm-6\"><div class=\"vc_column-inner\"><div class=\"wpb_wrapper\"><\/div><\/div><\/div><div class=\"wpb_column vc_column_container vc_col-sm-6\"><div class=\"vc_column-inner\"><div class=\"wpb_wrapper\"><\/div><\/div><\/div><\/div>\n<\/div>","protected":false},"excerpt":{"rendered":"Prehliadka mlyna &nbsp; O prehliadke Prehliadky s\u00fa sprev\u00e1dzan\u00e9 v\u00fdkladom o hist\u00f3rii mlyna a mlyn\u00e1rstve a trvaj\u00fa pribli\u017ene 30\u201345 min\u00fat. Vodn\u00fd","protected":false},"author":1,"featured_media":0,"parent":0,"menu_order":0,"comment_status":"closed","ping_status":"closed","template":"","meta":{"footnotes":""},"class_list":["post-1602","page","type-page","status-publish","hentry"],"_links":{"self":[{"href":"https:\/\/www.vodnymlynkovacova.sk\/en\/wp-json\/wp\/v2\/pages\/1602","targetHints":{"allow":["GET"]}}],"collection":[{"href":"https:\/\/www.vodnymlynkovacova.sk\/en\/wp-json\/wp\/v2\/pages"}],"about":[{"href":"https:\/\/www.vodnymlynkovacova.sk\/en\/wp-json\/wp\/v2\/types\/page"}],"author":[{"embeddable":true,"href":"https:\/\/www.vodnymlynkovacova.sk\/en\/wp-json\/wp\/v2\/users\/1"}],"replies":[{"embeddable":true,"href":"https:\/\/www.vodnymlynkovacova.sk\/en\/wp-json\/wp\/v2\/comments?post=1602"}],"version-history":[{"count":45,"href":"https:\/\/www.vodnymlynkovacova.sk\/en\/wp-json\/wp\/v2\/pages\/1602\/revisions"}],"predecessor-version":[{"id":1992,"href":"https:\/\/www.vodnymlynkovacova.sk\/en\/wp-json\/wp\/v2\/pages\/1602\/revisions\/1992"}],"wp:attachment":[{"href":"https:\/\/www.vodnymlynkovacova.sk\/en\/wp-json\/wp\/v2\/media?parent=1602"}],"curies":[{"name":"wp","href":"https:\/\/api.w.org\/{rel}","templated":true}]}}