{"id":1394,"date":"2026-03-09T02:41:37","date_gmt":"2026-03-09T01:41:37","guid":{"rendered":"https:\/\/www.vodnymlynkovacova.sk\/?page_id=1394"},"modified":"2026-03-24T10:44:53","modified_gmt":"2026-03-24T09:44:53","slug":"support-us-2","status":"publish","type":"page","link":"https:\/\/www.vodnymlynkovacova.sk\/en\/podporte-nas-2\/","title":{"rendered":"Support us (2 %)"},"content":{"rendered":"<div class=\"wpb-content-wrapper\"><div class=\"vc_row wpb_row vc_row-fluid vc_custom_1556484376874\"><div class=\"wpb_column vc_column_container vc_col-sm-12\"><div class=\"vc_column-inner\"><div class=\"wpb_wrapper\"><div class=\"cz_gap clr\" style=\"height: 20px\"><\/div><\/div><\/div><\/div><\/div><div class=\"vc_row wpb_row vc_row-fluid vc_custom_1773938155594\"><div class=\"wpb_column vc_column_container vc_col-sm-12\"><div class=\"vc_column-inner\"><div class=\"wpb_wrapper\">\n\t<div class=\"wpb_text_column wpb_content_element vc_custom_1774345490156\" >\n\t\t<div class=\"wpb_wrapper\">\n\t\t\t<h2 style=\"text-align: center;\"><span style=\"font-family: Verdana;\">Support Us (2%)<\/span><\/h2>\n<p>&nbsp;<\/p>\n<p><span style=\"font-family: Verdana; color: #654321; font-size: 22px;\"><b>Support Us \u2013 Help Preserve the Mill<\/b><\/span><\/p>\n<p><span style=\"font-family: Verdana; color: #654321;\"><span style=\"font-size: large;\"><b>The Kov\u00e1\u010dov\u00e1 Water Mill<\/b><\/span><span style=\"font-size: large;\"> is a civic association established on January 21, 2020. Our goal is <\/span><span style=\"font-size: large;\"><b>to preserve the cultural values and traditions of our ancestors,<\/b><\/span><span style=\"font-size: large;\"> especially <\/span><span style=\"font-size: large;\"><b>the water mill itself,<\/b><\/span><span style=\"font-size: large;\"> so that it can continue to serve future generations.<\/span><\/span><\/p>\n<p><span style=\"font-family: Verdana; color: #654321; font-size: 22px;\"><b>Why support us<\/b><\/span><\/p>\n<p><span style=\"font-family: Verdana; color: #654321;\"><span style=\"font-size: large;\">Your support helps us mainly with:<\/span><\/span><\/p>\n<ul style=\"margin-bottom: 30px;\">\n<li><span style=\"font-family: Verdana; color: #654321;\"><span style=\"font-size: large;\">maintenance and repairs of the mill and its technical equipment<\/span><\/span><\/li>\n<li><span style=\"font-family: Verdana; color: #654321;\"><span style=\"font-size: large;\">restoration and development of the exhibition<\/span><\/span><\/li>\n<li><span style=\"font-family: Verdana; color: #654321;\"><span style=\"font-size: large;\">educational and cultural activities focused on traditional crafts and heritage<\/span><\/span><\/li>\n<\/ul>\n<p><span style=\"font-family: Verdana; color: #654321; font-size: 22px;\"><b>2% of Your Income Tax<\/b><\/span><\/p>\n<p><strong><span style=\"font-family: Verdana; color: #654321;\"><span style=\"font-size: large;\">Recipient details:<\/span><\/span><\/strong><\/p>\n<p><span style=\"font-family: Verdana; color: #654321;\"><span style=\"font-size: large;\">Name: <\/span><span style=\"font-size: large;\"><b>VODN\u00dd MLYN KOV\u00c1\u010cOV\u00c1<\/b><\/span><span style=\"font-size: large;\"><br \/>\nCompany ID (I\u010cO): 52916430<br \/>\nAddress: Kov\u00e1\u010dov\u00e1 60, 049 42 Kov\u00e1\u010dov\u00e1, Slovakia<\/span><\/span><\/p>\n<p><span style=\"font-family: Verdana; color: #654321; font-size: 22px;\"><b>How to Donate 2% of Your Tax (Short Guide)<\/b><\/span><\/p>\n<p><span style=\"font-family: Verdana; color: #654321;\"><span style=\"font-size: large;\"><b>Employees:<\/b><\/span><\/span><\/p>\n<ol style=\"margin-bottom: 25px;color: #654321;\">\n<li><span style=\"font-family: Verdana; color: #654321;\"><span style=\"font-size: large;\">Ask your employer for a <\/span><span style=\"font-size: large;\"><b>Confirmation of Paid Tax<\/b><\/span><span style=\"font-size: large;\">.<\/span><\/span><\/li>\n<li><span style=\"font-family: Verdana; color: #654321;\"><span style=\"font-size: large;\">Fill in the <\/span><span style=\"font-size: large;\"><b>Declaration of remittance of the share of tax paid (2%).<\/b><\/span><\/span><\/li>\n<li><span style=\"font-family: Verdana; color: #654321;\"><span style=\"font-size: large;\">Submit the documents to <\/span><span style=\"font-size: large;\"><b>the tax office<\/b><\/span><span style=\"font-size: large;\"> within the current deadline.<\/span><\/span><\/li>\n<li><span style=\"font-family: Verdana; color: #654321;\"><span style=\"font-size: large;\">Download the form: <\/span><span style=\"font-size: large;\"><b>2% remittance advice (PDF)<\/b><\/span><\/span><\/li>\n<\/ol>\n<p><span style=\"font-family: Verdana; color: #654321;\"><span style=\"font-size: large;\"><b>Self-employed \/ Companies:<\/b><\/span><\/span><\/p>\n<ol style=\"margin-bottom: 25px;color: #654321;\">\n<li><span style=\"font-family: Verdana; color: #654321;\"><span style=\"font-size: large;\">Fill in the recipient's details on the tax return (2%).<\/span><\/span><\/li>\n<li><span style=\"font-family: Verdana; color: #654321;\"><span style=\"font-size: large;\">Submit your <\/span><span style=\"font-size: large;\"><b>tax return.<\/b><\/span><\/span><\/li>\n<\/ol>\n<p><span style=\"font-family: Verdana; color: #654321;\"><span style=\"font-size: large;\"><b>Note:<\/b><\/span><span style=\"font-size: large;\"> If you need help filling in the form, feel free to contact us \u2013 we will gladly assist you.<\/span><\/span><\/p>\n<p><span style=\"font-family: Verdana; color: #654321; font-size: 22px;\"><b>Direct Donation<\/b><\/span><\/p>\n<p><span style=\"font-family: Verdana; color: #654321;\"><span style=\"font-size: large;\">If you would like to support us directly (also from abroad), you can send a donation to the following bank account:<\/span><\/span><\/p>\n<p><span style=\"font-family: Verdana; color: #654321;\"><span style=\"font-size: large;\"><b>IBAN:<\/b><\/span><span style=\"font-size: large;\"> SK56 8330 0000 0020 0194 5128<br \/>\n<\/span><span style=\"font-size: large;\"><b>BIC \/ SWIFT:<\/b><\/span><span style=\"font-size: large;\"> FIOZSKBAXXX<br \/>\n<\/span><span style=\"font-size: large;\"><b>Bank:<\/b><\/span><span style=\"font-size: large;\"> Fio banka, a.s., branch of a foreign bank<\/span><\/span><\/p>\n<p><span style=\"font-family: Verdana; color: #654321;\"><span style=\"font-size: large;\"><b>Suggested message:<\/b><\/span><span style=\"font-size: large;\"> Donation \u2013 Kov\u00e1\u010dov\u00e1 Water Mill<\/span><\/span><\/p>\n<h2><\/h2>\n<p>&nbsp;<\/p>\n<h2 style=\"text-align: center;\"><span style=\"font-family: Verdana; color: #654321;\"><span style=\"font-size: 40px;\"><b>Thank you<\/b><\/span><\/span><\/h2>\n<p>&nbsp;<\/p>\n<p style=\"text-align: left;\"><span style=\"font-family: Verdana; color: #654321;\"><span style=\"font-size: large;\">Every <\/span><span style=\"font-size: large;\"><b>2%<\/b><\/span><span style=\"font-size: large;\"> tax donation and every contribution helps keep the mill <\/span><span style=\"font-size: large;\"><b>alive for future generations<\/b><\/span><span style=\"font-size: large;\">. Thank you for your support.<\/span><\/span><\/p>\n<p style=\"text-align: left;\"><span style=\"font-family: Verdana; color: #654321;\"><span style=\"font-size: large;\"><b>About the Civic Association<\/b><\/span><\/span><\/p>\n<p style=\"text-align: left;\"><span style=\"font-family: Verdana; color: #654321;\"><span style=\"font-size: large;\">The Kov\u00e1\u010dov\u00e1 Water Mill civic association was established on January 21, 2020.<\/span><\/span><\/p>\n<ul style=\"text-align: left;\">\n<li><span style=\"font-family: Verdana; color: #654321;\"><span style=\"font-size: large;\">revitalizing traditions and preserving the cultural heritage of our ancestors<\/span><\/span><\/li>\n<li><span style=\"font-family: Verdana; color: #654321;\"><span style=\"font-size: large;\">organizing educational and cultural activities focused on folk traditions and crafts<\/span><\/span><\/li>\n<li><span style=\"font-family: Verdana; color: #654321;\"><span style=\"font-size: large;\">supporting and developing regional tourism and promoting the locality<\/span><\/span><\/li>\n<\/ul>\n<p>&nbsp;<\/p>\n\n\t\t<\/div>\n\t<\/div>\n<\/div><\/div><\/div><\/div><div class=\"vc_row wpb_row vc_row-fluid\"><div class=\"wpb_column vc_column_container vc_col-sm-6\"><div class=\"vc_column-inner\"><div class=\"wpb_wrapper\"><\/div><\/div><\/div><div class=\"wpb_column vc_column_container vc_col-sm-6\"><div class=\"vc_column-inner\"><div class=\"wpb_wrapper\"><\/div><\/div><\/div><\/div>\n<\/div>","protected":false},"excerpt":{"rendered":"Podporte n\u00e1s 2% &nbsp; Podporte n\u00e1s \u2013 pom\u00f4\u017ete zachova\u0165 mlyn Vodn\u00fd mlyn Kov\u00e1\u010dov\u00e1 je ob\u010dianske zdru\u017eenie zalo\u017een\u00e9 21. 1. 2020.","protected":false},"author":1,"featured_media":0,"parent":0,"menu_order":0,"comment_status":"closed","ping_status":"closed","template":"","meta":{"footnotes":""},"class_list":["post-1394","page","type-page","status-publish","hentry"],"_links":{"self":[{"href":"https:\/\/www.vodnymlynkovacova.sk\/en\/wp-json\/wp\/v2\/pages\/1394","targetHints":{"allow":["GET"]}}],"collection":[{"href":"https:\/\/www.vodnymlynkovacova.sk\/en\/wp-json\/wp\/v2\/pages"}],"about":[{"href":"https:\/\/www.vodnymlynkovacova.sk\/en\/wp-json\/wp\/v2\/types\/page"}],"author":[{"embeddable":true,"href":"https:\/\/www.vodnymlynkovacova.sk\/en\/wp-json\/wp\/v2\/users\/1"}],"replies":[{"embeddable":true,"href":"https:\/\/www.vodnymlynkovacova.sk\/en\/wp-json\/wp\/v2\/comments?post=1394"}],"version-history":[{"count":24,"href":"https:\/\/www.vodnymlynkovacova.sk\/en\/wp-json\/wp\/v2\/pages\/1394\/revisions"}],"predecessor-version":[{"id":1985,"href":"https:\/\/www.vodnymlynkovacova.sk\/en\/wp-json\/wp\/v2\/pages\/1394\/revisions\/1985"}],"wp:attachment":[{"href":"https:\/\/www.vodnymlynkovacova.sk\/en\/wp-json\/wp\/v2\/media?parent=1394"}],"curies":[{"name":"wp","href":"https:\/\/api.w.org\/{rel}","templated":true}]}}