{"id":1393,"date":"2026-03-09T02:41:36","date_gmt":"2026-03-09T01:41:36","guid":{"rendered":"https:\/\/www.vodnymlynkovacova.sk\/?page_id=1393"},"modified":"2026-03-30T14:52:27","modified_gmt":"2026-03-30T12:52:27","slug":"attractions-in-the-surroundings","status":"publish","type":"page","link":"https:\/\/www.vodnymlynkovacova.sk\/en\/atrakcie-v-okoli\/","title":{"rendered":"Attractions near the Kov\u00e1\u010dov\u00e1 Water Mill"},"content":{"rendered":"<div class=\"wpb-content-wrapper\"><div class=\"vc_row wpb_row vc_row-fluid\"><div class=\"wpb_column vc_column_container vc_col-sm-12\"><div class=\"vc_column-inner\"><div class=\"wpb_wrapper\">\n\t<div class=\"wpb_text_column wpb_content_element\" >\n\t\t<div class=\"wpb_wrapper\">\n\t\t\t<h2 style=\"text-align: center;\"><span style=\"font-family: Verdana;\">Attractions near the Kov\u00e1\u010dov\u00e1 Water Mill<\/span><\/h2>\n<p>&nbsp;<\/p>\n<p class=\"translation-block\"><span style=\"color:#654321;font-family: Verdana\"><span style=\"font-size: large\">You are in the heart of the <b>Slovak Karst<\/b> \u2013 a landscape of gorges, plateaus, viewpoints, and stories. After visiting the <b>Kov\u00e1\u010dov\u00e1 Water Mill<\/b>, you can enjoy a beautiful trip in the surrounding area \u2013 on foot, by bicycle, or by car.<\/span><\/span><\/p>\n<p>&nbsp;<\/p>\n<p style=\"text-align: center;\"><span style=\"font-family: Verdana; color: #654321;\"><span style=\"font-size: large;\"><b><span style=\"font-size: 42px; text-decoration: underline;\">Trip Tips<\/span> <\/b><\/span><\/span><\/p>\n<p>&nbsp;<\/p>\n<p><span style=\"font-family: Verdana; color: #654321;\"><span style=\"font-size: large;\"><b>\u010cremo\u0161n\u00e1 Valley<br \/>\n<\/b><\/span><span style=\"font-size: large;\">The quiet valley of the \u010cremo\u0161n\u00e1 stream has a unique atmosphere. For centuries, water has shaped the landscape here \u2013 and thanks to it, several mills and ironworks once operated in the valley. The valley is perfect for exploring nature and enjoying a relaxing trip near the mill.<\/span><\/span><\/p>\n<p><span style=\"font-family: Verdana; color: #654321;\"><span style=\"font-size: large;\"><b>Our tip:<\/b><\/span><span style=\"font-size: large;\"> The valley is ideal to explore by bicycle \u2013 an easy route through beautiful countryside. The area is considered one of the cleanest in Slovakia, with no factories or industrial pollution.<\/span><\/span><\/p>\n<div style=\"display: flex; flex-wrap: wrap; justify-content: center; width: 100%; gap: 5px;\">\n<p><img loading=\"lazy\" decoding=\"async\" width=\"300\" height=\"300\" class=\"wp-image-1736\" style=\"width: 300px; max-width: 100%; height: auto; margin: 5px; object-fit: cover; flex: 0 1 auto;\" src=\"https:\/\/www.vodnymlynkovacova.sk\/wp-content\/uploads\/2026\/03\/slovensky-kras-vylet-na-bicykli-vodny-mlyn-kovacova-udolie-cremosna_resize-300x300.jpg\" alt=\"\" title=\"\" srcset=\"https:\/\/www.vodnymlynkovacova.sk\/wp-content\/uploads\/2026\/03\/slovensky-kras-vylet-na-bicykli-vodny-mlyn-kovacova-udolie-cremosna_resize-300x300.jpg 300w, https:\/\/www.vodnymlynkovacova.sk\/wp-content\/uploads\/2026\/03\/slovensky-kras-vylet-na-bicykli-vodny-mlyn-kovacova-udolie-cremosna_resize-600x600.jpg 600w, https:\/\/www.vodnymlynkovacova.sk\/wp-content\/uploads\/2026\/03\/slovensky-kras-vylet-na-bicykli-vodny-mlyn-kovacova-udolie-cremosna_resize-1000x1000.jpg 1000w, https:\/\/www.vodnymlynkovacova.sk\/wp-content\/uploads\/2026\/03\/slovensky-kras-vylet-na-bicykli-vodny-mlyn-kovacova-udolie-cremosna_resize-100x100.jpg 100w, https:\/\/www.vodnymlynkovacova.sk\/wp-content\/uploads\/2026\/03\/slovensky-kras-vylet-na-bicykli-vodny-mlyn-kovacova-udolie-cremosna_resize-150x150.jpg 150w, https:\/\/www.vodnymlynkovacova.sk\/wp-content\/uploads\/2026\/03\/slovensky-kras-vylet-na-bicykli-vodny-mlyn-kovacova-udolie-cremosna_resize-768x768.jpg 768w, https:\/\/www.vodnymlynkovacova.sk\/wp-content\/uploads\/2026\/03\/slovensky-kras-vylet-na-bicykli-vodny-mlyn-kovacova-udolie-cremosna_resize-1024x1024.jpg 1024w\" sizes=\"auto, (max-width: 300px) 100vw, 300px\" \/><\/p>\n<p><img loading=\"lazy\" decoding=\"async\" width=\"300\" height=\"300\" class=\"wp-image-1738\" style=\"width: 300px; max-width: 100%; height: auto; margin: 5px; object-fit: cover; flex: 0 1 auto;\" src=\"https:\/\/www.vodnymlynkovacova.sk\/wp-content\/uploads\/2026\/03\/slovensky-kras-turitika-vodny-mlyn-kovacova-udolie-cremosna_resize-300x300.jpg\" alt=\"\" title=\"\" srcset=\"https:\/\/www.vodnymlynkovacova.sk\/wp-content\/uploads\/2026\/03\/slovensky-kras-turitika-vodny-mlyn-kovacova-udolie-cremosna_resize-300x300.jpg 300w, https:\/\/www.vodnymlynkovacova.sk\/wp-content\/uploads\/2026\/03\/slovensky-kras-turitika-vodny-mlyn-kovacova-udolie-cremosna_resize-600x600.jpg 600w, https:\/\/www.vodnymlynkovacova.sk\/wp-content\/uploads\/2026\/03\/slovensky-kras-turitika-vodny-mlyn-kovacova-udolie-cremosna_resize-1000x1000.jpg 1000w, https:\/\/www.vodnymlynkovacova.sk\/wp-content\/uploads\/2026\/03\/slovensky-kras-turitika-vodny-mlyn-kovacova-udolie-cremosna_resize-100x100.jpg 100w, https:\/\/www.vodnymlynkovacova.sk\/wp-content\/uploads\/2026\/03\/slovensky-kras-turitika-vodny-mlyn-kovacova-udolie-cremosna_resize-150x150.jpg 150w, https:\/\/www.vodnymlynkovacova.sk\/wp-content\/uploads\/2026\/03\/slovensky-kras-turitika-vodny-mlyn-kovacova-udolie-cremosna_resize-768x768.jpg 768w, https:\/\/www.vodnymlynkovacova.sk\/wp-content\/uploads\/2026\/03\/slovensky-kras-turitika-vodny-mlyn-kovacova-udolie-cremosna_resize-1024x1024.jpg 1024w\" sizes=\"auto, (max-width: 300px) 100vw, 300px\" \/><\/p>\n<p><img loading=\"lazy\" decoding=\"async\" width=\"300\" height=\"300\" class=\"wp-image-1742\" style=\"width: 300px; max-width: 100%; height: auto; margin: 5px; object-fit: cover; flex: 0 1 auto;\" src=\"https:\/\/www.vodnymlynkovacova.sk\/wp-content\/uploads\/2026\/03\/slovensky-kras-priroda-vodny-mlyn-kovacova-udolie-cremosna_resize-300x300.jpg\" alt=\"\" title=\"\" srcset=\"https:\/\/www.vodnymlynkovacova.sk\/wp-content\/uploads\/2026\/03\/slovensky-kras-priroda-vodny-mlyn-kovacova-udolie-cremosna_resize-300x300.jpg 300w, https:\/\/www.vodnymlynkovacova.sk\/wp-content\/uploads\/2026\/03\/slovensky-kras-priroda-vodny-mlyn-kovacova-udolie-cremosna_resize-600x600.jpg 600w, https:\/\/www.vodnymlynkovacova.sk\/wp-content\/uploads\/2026\/03\/slovensky-kras-priroda-vodny-mlyn-kovacova-udolie-cremosna_resize-1000x1000.jpg 1000w, https:\/\/www.vodnymlynkovacova.sk\/wp-content\/uploads\/2026\/03\/slovensky-kras-priroda-vodny-mlyn-kovacova-udolie-cremosna_resize-100x100.jpg 100w, https:\/\/www.vodnymlynkovacova.sk\/wp-content\/uploads\/2026\/03\/slovensky-kras-priroda-vodny-mlyn-kovacova-udolie-cremosna_resize-150x150.jpg 150w, https:\/\/www.vodnymlynkovacova.sk\/wp-content\/uploads\/2026\/03\/slovensky-kras-priroda-vodny-mlyn-kovacova-udolie-cremosna_resize-768x768.jpg 768w, https:\/\/www.vodnymlynkovacova.sk\/wp-content\/uploads\/2026\/03\/slovensky-kras-priroda-vodny-mlyn-kovacova-udolie-cremosna_resize-1024x1024.jpg 1024w\" sizes=\"auto, (max-width: 300px) 100vw, 300px\" \/><\/p>\n<\/div>\n<p>&nbsp;<\/p>\n<p><span style=\"font-family: Verdana; color: #654321;\"><span style=\"font-size: large;\"><b>Drnava<\/b><\/span><span style=\"font-size: large;\"><br \/>\nDrnava is a village with a rich mining and metallurgical history, mainly known thanks to the former Andr\u00e1ssy Ironworks - only the building next to the football field has been preserved to this day. Also worth seeing in the village is a summer oak tree with a stated age of around 300 years, which was awarded the title of Tree of the Year in 2020, and the Dionysus adit is nearby.<\/span><\/span><\/p>\n<p><span style=\"font-family: Verdana; color: #654321;\"><span style=\"font-size: large;\"><b>Our tip:<\/b><\/span><span style=\"font-size: large;\"> Take a short walk to the Dion\u00fdz adit and the old oak tree in Drnava.<\/span><\/span><\/p>\n<div style=\"display: flex; flex-wrap: wrap; justify-content: center; width: 100%; gap: 5px;\"><img decoding=\"async\" style=\"width: 300px; max-width: 100%; height: auto; margin: 5px !important; object-fit: cover; flex: 0 1 auto;\" src=\"https:\/\/www.vodnymlynkovacova.sk\/wp-content\/uploads\/2026\/03\/slovensky-kras-vylet-vodny-mlyn-kovacova-drnava-bana-denes_resize-300x300.jpg\" alt=\"\" title=\"\"><img decoding=\"async\" style=\"width: 300px; max-width: 100%; height: auto; margin: 5px !important; object-fit: cover; flex: 0 1 auto;\" src=\"https:\/\/www.vodnymlynkovacova.sk\/wp-content\/uploads\/2026\/03\/okokslovensky-kras-vylet-vodny-mlyn-kovacova-drnava-strom-roka-300x300.jpg\" alt=\"\" title=\"\"><\/div>\n<p>&nbsp;<\/p>\n<p><span style=\"font-family: Verdana; color: #654321;\"><span style=\"font-size: large;\"><b>Drie\u0148ovec (Kov\u00e1\u010dov\u00e1)<br \/>\n<\/b><\/span><span style=\"font-size: large;\">From the picturesque village of Kov\u00e1\u010dov\u00e1 you can see the impressive rocky cliff of Drie\u0148ovec. The <\/span><span style=\"font-size: large;\"><b>Drienovec hill<\/b><\/span><span style=\"font-size: large;\"> (804 m above sea level) on the Horn\u00fd vrch plateau is an excellent destination for nature and history lovers.\nIn prehistoric times, a hillfort stood here, and later a small medieval fortress known as Devil\u2019s Castle (\u010certov hrad). The site had strategic importance, guarding the old trade routes leading through the \u010cremo\u0161n\u00e1 valley and across the Slovak Karst.\nThe fortress disappeared in the 14th century, when its defensive role was gradually taken over by Kr\u00e1sna H\u00f4rka Castle.\nNearby you can also find the Vetern\u00e1 Abyss, about 120 meters deep.\nAccording to local tradition, King B\u00e9la IV found refuge here after the Battle of the Slan\u00e1 River in 1241.<\/span><\/span><\/p>\n<p><span style=\"font-family: Verdana; color: #654321;\"><span style=\"font-size: large;\"><b>Our tip:<\/b><\/span><span style=\"font-size: large;\"> A great trip on foot or by bicycle \u2013 either around Drie\u0148ovec or up to the plateau with views of Kr\u00e1sna H\u00f4rka Castle.<\/span><\/span><\/p>\n<div style=\"display: flex; flex-wrap: wrap; justify-content: center; width: 100%; gap: 5px;\">\n<p><img loading=\"lazy\" decoding=\"async\" width=\"300\" height=\"300\" class=\"wp-image-1745\" style=\"width: 300px; max-width: 100%; height: auto; margin: 5px; object-fit: cover; flex: 0 1 auto;\" src=\"https:\/\/www.vodnymlynkovacova.sk\/wp-content\/uploads\/2026\/03\/drienovec-vodny-mlyn-kovacova-slovensky-kras-vyhliadka_resize-300x300.jpg\" alt=\"\" title=\"\" srcset=\"https:\/\/www.vodnymlynkovacova.sk\/wp-content\/uploads\/2026\/03\/drienovec-vodny-mlyn-kovacova-slovensky-kras-vyhliadka_resize-300x300.jpg 300w, https:\/\/www.vodnymlynkovacova.sk\/wp-content\/uploads\/2026\/03\/drienovec-vodny-mlyn-kovacova-slovensky-kras-vyhliadka_resize-600x600.jpg 600w, https:\/\/www.vodnymlynkovacova.sk\/wp-content\/uploads\/2026\/03\/drienovec-vodny-mlyn-kovacova-slovensky-kras-vyhliadka_resize-1000x1000.jpg 1000w, https:\/\/www.vodnymlynkovacova.sk\/wp-content\/uploads\/2026\/03\/drienovec-vodny-mlyn-kovacova-slovensky-kras-vyhliadka_resize-100x100.jpg 100w, https:\/\/www.vodnymlynkovacova.sk\/wp-content\/uploads\/2026\/03\/drienovec-vodny-mlyn-kovacova-slovensky-kras-vyhliadka_resize-150x150.jpg 150w, https:\/\/www.vodnymlynkovacova.sk\/wp-content\/uploads\/2026\/03\/drienovec-vodny-mlyn-kovacova-slovensky-kras-vyhliadka_resize-768x768.jpg 768w, https:\/\/www.vodnymlynkovacova.sk\/wp-content\/uploads\/2026\/03\/drienovec-vodny-mlyn-kovacova-slovensky-kras-vyhliadka_resize-1024x1024.jpg 1024w\" sizes=\"auto, (max-width: 300px) 100vw, 300px\" \/><\/p>\n<p><img loading=\"lazy\" decoding=\"async\" width=\"300\" height=\"300\" class=\"wp-image-1744\" style=\"width: 300px; max-width: 100%; height: auto; margin: 5px; object-fit: cover; flex: 0 1 auto;\" src=\"https:\/\/www.vodnymlynkovacova.sk\/wp-content\/uploads\/2026\/03\/drienovec-vodny-mlyn-kovacova-slovensky-kras-vylet_resize-300x300.jpg\" alt=\"\" title=\"\" srcset=\"https:\/\/www.vodnymlynkovacova.sk\/wp-content\/uploads\/2026\/03\/drienovec-vodny-mlyn-kovacova-slovensky-kras-vylet_resize-300x300.jpg 300w, https:\/\/www.vodnymlynkovacova.sk\/wp-content\/uploads\/2026\/03\/drienovec-vodny-mlyn-kovacova-slovensky-kras-vylet_resize-600x600.jpg 600w, https:\/\/www.vodnymlynkovacova.sk\/wp-content\/uploads\/2026\/03\/drienovec-vodny-mlyn-kovacova-slovensky-kras-vylet_resize-1000x1000.jpg 1000w, https:\/\/www.vodnymlynkovacova.sk\/wp-content\/uploads\/2026\/03\/drienovec-vodny-mlyn-kovacova-slovensky-kras-vylet_resize-100x100.jpg 100w, https:\/\/www.vodnymlynkovacova.sk\/wp-content\/uploads\/2026\/03\/drienovec-vodny-mlyn-kovacova-slovensky-kras-vylet_resize-150x150.jpg 150w, https:\/\/www.vodnymlynkovacova.sk\/wp-content\/uploads\/2026\/03\/drienovec-vodny-mlyn-kovacova-slovensky-kras-vylet_resize-768x768.jpg 768w, https:\/\/www.vodnymlynkovacova.sk\/wp-content\/uploads\/2026\/03\/drienovec-vodny-mlyn-kovacova-slovensky-kras-vylet_resize-1024x1024.jpg 1024w\" sizes=\"auto, (max-width: 300px) 100vw, 300px\" \/><\/p>\n<p><img loading=\"lazy\" decoding=\"async\" width=\"300\" height=\"300\" class=\"wp-image-1743\" style=\"width: 300px; max-width: 100%; height: auto; margin: 5px; object-fit: cover; flex: 0 1 auto;\" src=\"https:\/\/www.vodnymlynkovacova.sk\/wp-content\/uploads\/2026\/03\/drienovec-vodny-mlyn-kovacova-turistika-gemer_resize-300x300.jpg\" alt=\"\" title=\"\" srcset=\"https:\/\/www.vodnymlynkovacova.sk\/wp-content\/uploads\/2026\/03\/drienovec-vodny-mlyn-kovacova-turistika-gemer_resize-300x300.jpg 300w, https:\/\/www.vodnymlynkovacova.sk\/wp-content\/uploads\/2026\/03\/drienovec-vodny-mlyn-kovacova-turistika-gemer_resize-600x600.jpg 600w, https:\/\/www.vodnymlynkovacova.sk\/wp-content\/uploads\/2026\/03\/drienovec-vodny-mlyn-kovacova-turistika-gemer_resize-1000x1000.jpg 1000w, https:\/\/www.vodnymlynkovacova.sk\/wp-content\/uploads\/2026\/03\/drienovec-vodny-mlyn-kovacova-turistika-gemer_resize-100x100.jpg 100w, https:\/\/www.vodnymlynkovacova.sk\/wp-content\/uploads\/2026\/03\/drienovec-vodny-mlyn-kovacova-turistika-gemer_resize-150x150.jpg 150w, https:\/\/www.vodnymlynkovacova.sk\/wp-content\/uploads\/2026\/03\/drienovec-vodny-mlyn-kovacova-turistika-gemer_resize-768x768.jpg 768w, https:\/\/www.vodnymlynkovacova.sk\/wp-content\/uploads\/2026\/03\/drienovec-vodny-mlyn-kovacova-turistika-gemer_resize-1024x1024.jpg 1024w\" sizes=\"auto, (max-width: 300px) 100vw, 300px\" \/><\/p>\n<\/div>\n<p>&nbsp;<\/p>\n<p><span style=\"font-family: Verdana; color: #654321;\"><span style=\"font-size: large;\"><b>Hussite Church (L\u00fa\u010dka)<br \/>\n<\/b><\/span><span style=\"font-size: large;\">This site is the ruin of an early Gothic fortified church from the 13th century, located above the village of L\u00fa\u010dka.\nIt received its name from the Hussite troops, who occupied it in the 15th century and turned it into a small fortress.\nThe church ruins are freely accessible and, thanks to their hilltop location, offer a romantic atmosphere and beautiful views of the \u010cremo\u0161n\u00e1 valley.<\/span><\/span><\/p>\n<p><span style=\"font-family: Verdana; color: #654321;\"><span style=\"font-size: large;\"><b>Our tip:<\/b><\/span><span style=\"font-size: large;\"> From the water mill, the Hussite church is about a one-hour walk.<\/span><\/span><\/p>\n<div style=\"display: flex; flex-wrap: wrap; justify-content: center; width: 100%; gap: 5px;\">\n<p><img loading=\"lazy\" decoding=\"async\" width=\"300\" height=\"300\" class=\"wp-image-1740\" style=\"width: 300px; max-width: 100%; height: auto; margin: 5px; object-fit: cover; flex: 0 1 auto;\" src=\"https:\/\/www.vodnymlynkovacova.sk\/wp-content\/uploads\/2026\/03\/slovensky-kras-turistika-vodny-mlyn-kovacova-lucka-husitsky-kostol_resize-300x300.jpg\" alt=\"\" title=\"\" srcset=\"https:\/\/www.vodnymlynkovacova.sk\/wp-content\/uploads\/2026\/03\/slovensky-kras-turistika-vodny-mlyn-kovacova-lucka-husitsky-kostol_resize-300x300.jpg 300w, https:\/\/www.vodnymlynkovacova.sk\/wp-content\/uploads\/2026\/03\/slovensky-kras-turistika-vodny-mlyn-kovacova-lucka-husitsky-kostol_resize-600x600.jpg 600w, https:\/\/www.vodnymlynkovacova.sk\/wp-content\/uploads\/2026\/03\/slovensky-kras-turistika-vodny-mlyn-kovacova-lucka-husitsky-kostol_resize-1000x1000.jpg 1000w, https:\/\/www.vodnymlynkovacova.sk\/wp-content\/uploads\/2026\/03\/slovensky-kras-turistika-vodny-mlyn-kovacova-lucka-husitsky-kostol_resize-100x100.jpg 100w, https:\/\/www.vodnymlynkovacova.sk\/wp-content\/uploads\/2026\/03\/slovensky-kras-turistika-vodny-mlyn-kovacova-lucka-husitsky-kostol_resize-150x150.jpg 150w, https:\/\/www.vodnymlynkovacova.sk\/wp-content\/uploads\/2026\/03\/slovensky-kras-turistika-vodny-mlyn-kovacova-lucka-husitsky-kostol_resize-768x768.jpg 768w, https:\/\/www.vodnymlynkovacova.sk\/wp-content\/uploads\/2026\/03\/slovensky-kras-turistika-vodny-mlyn-kovacova-lucka-husitsky-kostol_resize-1024x1024.jpg 1024w\" sizes=\"auto, (max-width: 300px) 100vw, 300px\" \/><\/p>\n<p><img loading=\"lazy\" decoding=\"async\" width=\"300\" height=\"300\" class=\"wp-image-1732\" style=\"width: 300px; max-width: 100%; height: auto; margin: 5px; object-fit: cover; flex: 0 1 auto;\" src=\"https:\/\/www.vodnymlynkovacova.sk\/wp-content\/uploads\/2026\/03\/slovensky-kras-vylet-vodny-mlyn-kovacova-lucka-husitsky-kostol_resize-300x300.jpg\" alt=\"\" title=\"\" srcset=\"https:\/\/www.vodnymlynkovacova.sk\/wp-content\/uploads\/2026\/03\/slovensky-kras-vylet-vodny-mlyn-kovacova-lucka-husitsky-kostol_resize-300x300.jpg 300w, https:\/\/www.vodnymlynkovacova.sk\/wp-content\/uploads\/2026\/03\/slovensky-kras-vylet-vodny-mlyn-kovacova-lucka-husitsky-kostol_resize-600x600.jpg 600w, https:\/\/www.vodnymlynkovacova.sk\/wp-content\/uploads\/2026\/03\/slovensky-kras-vylet-vodny-mlyn-kovacova-lucka-husitsky-kostol_resize-1000x1000.jpg 1000w, https:\/\/www.vodnymlynkovacova.sk\/wp-content\/uploads\/2026\/03\/slovensky-kras-vylet-vodny-mlyn-kovacova-lucka-husitsky-kostol_resize-100x100.jpg 100w, https:\/\/www.vodnymlynkovacova.sk\/wp-content\/uploads\/2026\/03\/slovensky-kras-vylet-vodny-mlyn-kovacova-lucka-husitsky-kostol_resize-150x150.jpg 150w, https:\/\/www.vodnymlynkovacova.sk\/wp-content\/uploads\/2026\/03\/slovensky-kras-vylet-vodny-mlyn-kovacova-lucka-husitsky-kostol_resize-768x768.jpg 768w, https:\/\/www.vodnymlynkovacova.sk\/wp-content\/uploads\/2026\/03\/slovensky-kras-vylet-vodny-mlyn-kovacova-lucka-husitsky-kostol_resize-1024x1024.jpg 1024w\" sizes=\"auto, (max-width: 300px) 100vw, 300px\" \/><\/p>\n<\/div>\n<p>&nbsp;<\/p>\n<p><span style=\"font-family: Verdana; color: #654321;\"><span style=\"font-size: large;\"><b>B\u00f4rka<br \/>\n<\/b><\/span><span style=\"font-size: large;\">The plateaus of the Slovak Karst have a special charm \u2013 open landscapes, silence, and wide views.\nFrom the hill above B\u00f4rka toward Z\u00e1diel you can take a trip to Sne\u017en\u00e1 Diera, Bor\u010dianska Plateau, and Havrania Rock, where you will enjoy spectacular panoramic views.<\/span><\/span><\/p>\n<p><span style=\"font-family: Verdana; color: #654321;\"><span style=\"font-size: large;\"><b>Our tip:<\/b><\/span><span style=\"font-size: large;\"> Perfect for hiking or cycling.<\/span><\/span><\/p>\n<div style=\"display: flex; flex-wrap: wrap; gap: 20px; justify-content: center; width: 100%;\"><img decoding=\"async\" style=\"width: 22%; min-width: 280px; height: auto; object-fit: cover; flex: 1 1 auto; margin: 0 !important;\" src=\"https:\/\/www.vodnymlynkovacova.sk\/wp-content\/uploads\/2026\/03\/slovensky-kras-turistika-vodny-mlyn-kovacova-pri-roznave-havrania-skala_resize-300x300.jpg\" alt=\"\" title=\"\"><img decoding=\"async\" style=\"width: 22%; min-width: 280px; height: auto; object-fit: cover; flex: 1 1 auto; margin: 0 !important;\" src=\"https:\/\/www.vodnymlynkovacova.sk\/wp-content\/uploads\/2026\/03\/slovensky-kras-vyhliadka-vodny-mlyn-kovacova-pri-roznave-havrania-skala_resize-300x300.jpg\" alt=\"\" title=\"\"><img decoding=\"async\" style=\"width: 22%; min-width: 280px; height: auto; object-fit: cover; flex: 1 1 auto; margin: 0 !important;\" src=\"https:\/\/www.vodnymlynkovacova.sk\/wp-content\/uploads\/2026\/03\/slovensky-kras-vylet-vodny-mlyn-kovacova-pri-roznave-havrania-skala_resize-300x300.jpg\" alt=\"\" title=\"\"><img decoding=\"async\" style=\"width: 22%; min-width: 280px; height: auto; object-fit: cover; flex: 1 1 auto; margin: 0 !important;\" src=\"https:\/\/www.vodnymlynkovacova.sk\/wp-content\/uploads\/2026\/03\/slovensky-kras-vylet-vodny-mlyn-kovacova-pri-roznave-borcianska-planina_resize-300x300.jpg\" alt=\"\" title=\"\"><\/div>\n<p>&nbsp;<\/p>\n<p><span style=\"font-family: Verdana; color: #654321;\"><span style=\"font-size: large;\"><b>Z\u00e1diel Gorge<\/b><\/span><span style=\"font-size: large;\"><br \/>\nOne of the most beautiful valleys in the Slovak Karst, famous for its dramatic cliffs, narrow gorges, and scenic hiking trails.<\/span><\/span><\/p>\n<p><span style=\"font-family: Verdana;\"><span style=\"font-size: large; color: #654321;\"><b>Our tip:<\/b><\/span><span style=\"font-size: large;\"><span style=\"color: #654321;\"> For an unusual experience, try the viewpoints from above the gorge \u2013 the trail begins near the chapel above B\u00f4rka.<\/span> <\/span><\/span><\/p>\n<div style=\"display: flex; flex-wrap: wrap; justify-content: center; width: 100%; gap: 5px;\"><img decoding=\"async\" class=\"wp-image-1740\" style=\"width: 300px; max-width: 100%; height: auto; margin: 5px; object-fit: cover; flex: 0 1 auto;\" src=\"https:\/\/www.vodnymlynkovacova.sk\/wp-content\/uploads\/2026\/03\/okzadielska-dolina-vylet-slovensky-kras-vodny-mlyn-kovacova-1-300x300.jpg\" alt=\"\" title=\"\"><br \/>\n<img decoding=\"async\" class=\"wp-image-1732\" style=\"width: 300px; max-width: 100%; height: auto; margin: 5px; object-fit: cover; flex: 0 1 auto;\" src=\"https:\/\/www.vodnymlynkovacova.sk\/wp-content\/uploads\/2026\/03\/okzadielska-dolina-vyhliadky-slovensky-kras-vodny-mlyn-kovacova-300x300.jpg\" alt=\"\" title=\"\"><\/div>\n\n\t\t<\/div>\n\t<\/div>\n<\/div><\/div><\/div><\/div><div class=\"vc_row wpb_row vc_row-fluid\"><div class=\"wpb_column vc_column_container vc_col-sm-6\"><div class=\"vc_column-inner\"><div class=\"wpb_wrapper\"><\/div><\/div><\/div><div class=\"wpb_column vc_column_container vc_col-sm-6\"><div class=\"vc_column-inner\"><div class=\"wpb_wrapper\"><\/div><\/div><\/div><\/div>\n<\/div>","protected":false},"excerpt":{"rendered":"Atrakcie v okol\u00ed Vodn\u00e9ho mlyna Kov\u00e1\u010dov\u00e1 &nbsp; Ste v srdci Slovensk\u00e9ho krasu \u2013 v krajine rokl\u00edn, plan\u00edn, v\u00fdh\u013eadov a pr\u00edbehov.","protected":false},"author":1,"featured_media":0,"parent":0,"menu_order":0,"comment_status":"closed","ping_status":"closed","template":"","meta":{"footnotes":""},"class_list":["post-1393","page","type-page","status-publish","hentry"],"_links":{"self":[{"href":"https:\/\/www.vodnymlynkovacova.sk\/en\/wp-json\/wp\/v2\/pages\/1393","targetHints":{"allow":["GET"]}}],"collection":[{"href":"https:\/\/www.vodnymlynkovacova.sk\/en\/wp-json\/wp\/v2\/pages"}],"about":[{"href":"https:\/\/www.vodnymlynkovacova.sk\/en\/wp-json\/wp\/v2\/types\/page"}],"author":[{"embeddable":true,"href":"https:\/\/www.vodnymlynkovacova.sk\/en\/wp-json\/wp\/v2\/users\/1"}],"replies":[{"embeddable":true,"href":"https:\/\/www.vodnymlynkovacova.sk\/en\/wp-json\/wp\/v2\/comments?post=1393"}],"version-history":[{"count":58,"href":"https:\/\/www.vodnymlynkovacova.sk\/en\/wp-json\/wp\/v2\/pages\/1393\/revisions"}],"predecessor-version":[{"id":2077,"href":"https:\/\/www.vodnymlynkovacova.sk\/en\/wp-json\/wp\/v2\/pages\/1393\/revisions\/2077"}],"wp:attachment":[{"href":"https:\/\/www.vodnymlynkovacova.sk\/en\/wp-json\/wp\/v2\/media?parent=1393"}],"curies":[{"name":"wp","href":"https:\/\/api.w.org\/{rel}","templated":true}]}}